{"id":1637,"date":"2022-10-12T07:00:16","date_gmt":"2022-10-12T05:00:16","guid":{"rendered":"https:\/\/louisevaaucinema.ch\/produit\/hiver-nomade\/"},"modified":"2024-06-03T10:32:12","modified_gmt":"2024-06-03T08:32:12","slug":"winternomaden","status":"publish","type":"product","link":"https:\/\/louisevaaucinema.ch\/de\/produit\/winternomaden\/","title":{"rendered":"Winternomaden"},"content":{"rendered":"","protected":false},"excerpt":{"rendered":"<p><strong>Ein Dokumentarfilm von Manuel von St\u00fcrler<\/strong><\/p>\n<p><strong>Sprache: <\/strong>franz\u00f6sisch<br \/>\n<strong>Untertitel:<\/strong> franz\u00f6sisch, deutsch, englisch, italienisch, spanisch, russisch, ungarisch, hebr\u00e4isch<br \/>\n<strong>Dauer:<\/strong> 85 min<\/p>\n<p><a href=\"https:\/\/louisevaaucinema.ch\/de\/winternomaden\/\">Mehr Informationen<\/a><\/p>\n","protected":false},"featured_media":473,"template":"","meta":{"_acf_changed":false},"product_brand":[],"product_cat":[50],"product_tag":[],"class_list":{"0":"post-1637","1":"product","2":"type-product","3":"status-publish","4":"has-post-thumbnail","6":"product_cat-dvd-de","8":"first","9":"instock","10":"taxable","11":"shipping-taxable","12":"purchasable","13":"product-type-simple"},"acf":[],"yoast_head":"<!-- This site is optimized with the Yoast SEO plugin v27.3 - https:\/\/yoast.com\/product\/yoast-seo-wordpress\/ -->\n<title>Winternomaden - Louise va au cin\u00e9ma<\/title>\n<meta name=\"robots\" content=\"index, follow, max-snippet:-1, max-image-preview:large, max-video-preview:-1\" \/>\n<link rel=\"canonical\" href=\"https:\/\/louisevaaucinema.ch\/produit\/hiver-nomade\/\" \/>\n<meta property=\"og:locale\" content=\"de_DE\" \/>\n<meta property=\"og:type\" content=\"article\" \/>\n<meta property=\"og:title\" content=\"Winternomaden - Louise va au cin\u00e9ma\" \/>\n<meta property=\"og:description\" content=\"Ein Dokumentarfilm von Manuel von St\u00fcrler  Sprache: franz\u00f6sisch Untertitel: franz\u00f6sisch, deutsch, englisch, italienisch, spanisch, russisch, ungarisch, hebr\u00e4isch Dauer: 85 min  Mehr Informationen\" \/>\n<meta property=\"og:url\" content=\"https:\/\/louisevaaucinema.ch\/produit\/hiver-nomade\/\" \/>\n<meta property=\"og:site_name\" content=\"Louise va au cin\u00e9ma\" \/>\n<meta property=\"article:publisher\" content=\"https:\/\/www.facebook.com\/louisevaaucinema\" \/>\n<meta property=\"article:modified_time\" content=\"2024-06-03T08:32:12+00:00\" \/>\n<meta property=\"og:image\" content=\"https:\/\/louisevaaucinema.ch\/wp-content\/uploads\/2022\/09\/hiver_nomade_affiche.png\" \/>\n\t<meta property=\"og:image:width\" content=\"500\" \/>\n\t<meta property=\"og:image:height\" content=\"708\" \/>\n\t<meta property=\"og:image:type\" content=\"image\/png\" \/>\n<meta name=\"twitter:card\" content=\"summary_large_image\" \/>\n<script type=\"application\/ld+json\" class=\"yoast-schema-graph\">{\"@context\":\"https:\\\/\\\/schema.org\",\"@graph\":[{\"@type\":\"WebPage\",\"@id\":\"https:\\\/\\\/louisevaaucinema.ch\\\/produit\\\/hiver-nomade\\\/\",\"url\":\"https:\\\/\\\/louisevaaucinema.ch\\\/produit\\\/hiver-nomade\\\/\",\"name\":\"Winternomaden - Louise va au cin\u00e9ma\",\"isPartOf\":{\"@id\":\"https:\\\/\\\/louisevaaucinema.ch\\\/#website\"},\"primaryImageOfPage\":{\"@id\":\"https:\\\/\\\/louisevaaucinema.ch\\\/produit\\\/hiver-nomade\\\/#primaryimage\"},\"image\":{\"@id\":\"https:\\\/\\\/louisevaaucinema.ch\\\/produit\\\/hiver-nomade\\\/#primaryimage\"},\"thumbnailUrl\":\"https:\\\/\\\/louisevaaucinema.ch\\\/wp-content\\\/uploads\\\/2022\\\/09\\\/hiver_nomade_affiche.png\",\"datePublished\":\"2022-10-12T05:00:16+00:00\",\"dateModified\":\"2024-06-03T08:32:12+00:00\",\"breadcrumb\":{\"@id\":\"https:\\\/\\\/louisevaaucinema.ch\\\/produit\\\/hiver-nomade\\\/#breadcrumb\"},\"inLanguage\":\"de\",\"potentialAction\":[{\"@type\":\"ReadAction\",\"target\":[\"https:\\\/\\\/louisevaaucinema.ch\\\/produit\\\/hiver-nomade\\\/\"]}]},{\"@type\":\"ImageObject\",\"inLanguage\":\"de\",\"@id\":\"https:\\\/\\\/louisevaaucinema.ch\\\/produit\\\/hiver-nomade\\\/#primaryimage\",\"url\":\"https:\\\/\\\/louisevaaucinema.ch\\\/wp-content\\\/uploads\\\/2022\\\/09\\\/hiver_nomade_affiche.png\",\"contentUrl\":\"https:\\\/\\\/louisevaaucinema.ch\\\/wp-content\\\/uploads\\\/2022\\\/09\\\/hiver_nomade_affiche.png\",\"width\":500,\"height\":708},{\"@type\":\"BreadcrumbList\",\"@id\":\"https:\\\/\\\/louisevaaucinema.ch\\\/produit\\\/hiver-nomade\\\/#breadcrumb\",\"itemListElement\":[{\"@type\":\"ListItem\",\"position\":1,\"name\":\"Accueil\",\"item\":\"https:\\\/\\\/louisevaaucinema.ch\\\/de\\\/\"},{\"@type\":\"ListItem\",\"position\":2,\"name\":\"Shop\",\"item\":\"https:\\\/\\\/louisevaaucinema.ch\\\/de\\\/shop\\\/\"},{\"@type\":\"ListItem\",\"position\":3,\"name\":\"Winternomaden\"}]},{\"@type\":\"WebSite\",\"@id\":\"https:\\\/\\\/louisevaaucinema.ch\\\/#website\",\"url\":\"https:\\\/\\\/louisevaaucinema.ch\\\/\",\"name\":\"Louise va au cin\u00e9ma\",\"description\":\"\",\"publisher\":{\"@id\":\"https:\\\/\\\/louisevaaucinema.ch\\\/#organization\"},\"potentialAction\":[{\"@type\":\"SearchAction\",\"target\":{\"@type\":\"EntryPoint\",\"urlTemplate\":\"https:\\\/\\\/louisevaaucinema.ch\\\/?s={search_term_string}\"},\"query-input\":{\"@type\":\"PropertyValueSpecification\",\"valueRequired\":true,\"valueName\":\"search_term_string\"}}],\"inLanguage\":\"de\"},{\"@type\":\"Organization\",\"@id\":\"https:\\\/\\\/louisevaaucinema.ch\\\/#organization\",\"name\":\"Louise va au cin\u00e9ma\",\"url\":\"https:\\\/\\\/louisevaaucinema.ch\\\/\",\"logo\":{\"@type\":\"ImageObject\",\"inLanguage\":\"de\",\"@id\":\"https:\\\/\\\/louisevaaucinema.ch\\\/#\\\/schema\\\/logo\\\/image\\\/\",\"url\":\"https:\\\/\\\/louisevaaucinema.ch\\\/wp-content\\\/uploads\\\/2022\\\/10\\\/louise_va_au_cinema.png\",\"contentUrl\":\"https:\\\/\\\/louisevaaucinema.ch\\\/wp-content\\\/uploads\\\/2022\\\/10\\\/louise_va_au_cinema.png\",\"width\":200,\"height\":191,\"caption\":\"Louise va au cin\u00e9ma\"},\"image\":{\"@id\":\"https:\\\/\\\/louisevaaucinema.ch\\\/#\\\/schema\\\/logo\\\/image\\\/\"},\"sameAs\":[\"https:\\\/\\\/www.facebook.com\\\/louisevaaucinema\",\"https:\\\/\\\/www.instagram.com\\\/louise_va_au_cinema\\\/\",\"https:\\\/\\\/www.youtube.com\\\/channel\\\/UCrhgn2pvV1uzduPdIYsTQ-A\"]}]}<\/script>\n<!-- \/ Yoast SEO plugin. -->","yoast_head_json":{"title":"Winternomaden - Louise va au cin\u00e9ma","robots":{"index":"index","follow":"follow","max-snippet":"max-snippet:-1","max-image-preview":"max-image-preview:large","max-video-preview":"max-video-preview:-1"},"canonical":"https:\/\/louisevaaucinema.ch\/produit\/hiver-nomade\/","og_locale":"de_DE","og_type":"article","og_title":"Winternomaden - Louise va au cin\u00e9ma","og_description":"Ein Dokumentarfilm von Manuel von St\u00fcrler  Sprache: franz\u00f6sisch Untertitel: franz\u00f6sisch, deutsch, englisch, italienisch, spanisch, russisch, ungarisch, hebr\u00e4isch Dauer: 85 min  Mehr Informationen","og_url":"https:\/\/louisevaaucinema.ch\/produit\/hiver-nomade\/","og_site_name":"Louise va au cin\u00e9ma","article_publisher":"https:\/\/www.facebook.com\/louisevaaucinema","article_modified_time":"2024-06-03T08:32:12+00:00","og_image":[{"width":500,"height":708,"url":"https:\/\/louisevaaucinema.ch\/wp-content\/uploads\/2022\/09\/hiver_nomade_affiche.png","type":"image\/png"}],"twitter_card":"summary_large_image","schema":{"@context":"https:\/\/schema.org","@graph":[{"@type":"WebPage","@id":"https:\/\/louisevaaucinema.ch\/produit\/hiver-nomade\/","url":"https:\/\/louisevaaucinema.ch\/produit\/hiver-nomade\/","name":"Winternomaden - Louise va au cin\u00e9ma","isPartOf":{"@id":"https:\/\/louisevaaucinema.ch\/#website"},"primaryImageOfPage":{"@id":"https:\/\/louisevaaucinema.ch\/produit\/hiver-nomade\/#primaryimage"},"image":{"@id":"https:\/\/louisevaaucinema.ch\/produit\/hiver-nomade\/#primaryimage"},"thumbnailUrl":"https:\/\/louisevaaucinema.ch\/wp-content\/uploads\/2022\/09\/hiver_nomade_affiche.png","datePublished":"2022-10-12T05:00:16+00:00","dateModified":"2024-06-03T08:32:12+00:00","breadcrumb":{"@id":"https:\/\/louisevaaucinema.ch\/produit\/hiver-nomade\/#breadcrumb"},"inLanguage":"de","potentialAction":[{"@type":"ReadAction","target":["https:\/\/louisevaaucinema.ch\/produit\/hiver-nomade\/"]}]},{"@type":"ImageObject","inLanguage":"de","@id":"https:\/\/louisevaaucinema.ch\/produit\/hiver-nomade\/#primaryimage","url":"https:\/\/louisevaaucinema.ch\/wp-content\/uploads\/2022\/09\/hiver_nomade_affiche.png","contentUrl":"https:\/\/louisevaaucinema.ch\/wp-content\/uploads\/2022\/09\/hiver_nomade_affiche.png","width":500,"height":708},{"@type":"BreadcrumbList","@id":"https:\/\/louisevaaucinema.ch\/produit\/hiver-nomade\/#breadcrumb","itemListElement":[{"@type":"ListItem","position":1,"name":"Accueil","item":"https:\/\/louisevaaucinema.ch\/de\/"},{"@type":"ListItem","position":2,"name":"Shop","item":"https:\/\/louisevaaucinema.ch\/de\/shop\/"},{"@type":"ListItem","position":3,"name":"Winternomaden"}]},{"@type":"WebSite","@id":"https:\/\/louisevaaucinema.ch\/#website","url":"https:\/\/louisevaaucinema.ch\/","name":"Louise va au cin\u00e9ma","description":"","publisher":{"@id":"https:\/\/louisevaaucinema.ch\/#organization"},"potentialAction":[{"@type":"SearchAction","target":{"@type":"EntryPoint","urlTemplate":"https:\/\/louisevaaucinema.ch\/?s={search_term_string}"},"query-input":{"@type":"PropertyValueSpecification","valueRequired":true,"valueName":"search_term_string"}}],"inLanguage":"de"},{"@type":"Organization","@id":"https:\/\/louisevaaucinema.ch\/#organization","name":"Louise va au cin\u00e9ma","url":"https:\/\/louisevaaucinema.ch\/","logo":{"@type":"ImageObject","inLanguage":"de","@id":"https:\/\/louisevaaucinema.ch\/#\/schema\/logo\/image\/","url":"https:\/\/louisevaaucinema.ch\/wp-content\/uploads\/2022\/10\/louise_va_au_cinema.png","contentUrl":"https:\/\/louisevaaucinema.ch\/wp-content\/uploads\/2022\/10\/louise_va_au_cinema.png","width":200,"height":191,"caption":"Louise va au cin\u00e9ma"},"image":{"@id":"https:\/\/louisevaaucinema.ch\/#\/schema\/logo\/image\/"},"sameAs":["https:\/\/www.facebook.com\/louisevaaucinema","https:\/\/www.instagram.com\/louise_va_au_cinema\/","https:\/\/www.youtube.com\/channel\/UCrhgn2pvV1uzduPdIYsTQ-A"]}]}},"_links":{"self":[{"href":"https:\/\/louisevaaucinema.ch\/de\/wp-json\/wp\/v2\/product\/1637","targetHints":{"allow":["GET"]}}],"collection":[{"href":"https:\/\/louisevaaucinema.ch\/de\/wp-json\/wp\/v2\/product"}],"about":[{"href":"https:\/\/louisevaaucinema.ch\/de\/wp-json\/wp\/v2\/types\/product"}],"wp:featuredmedia":[{"embeddable":true,"href":"https:\/\/louisevaaucinema.ch\/de\/wp-json\/wp\/v2\/media\/473"}],"wp:attachment":[{"href":"https:\/\/louisevaaucinema.ch\/de\/wp-json\/wp\/v2\/media?parent=1637"}],"wp:term":[{"taxonomy":"product_brand","embeddable":true,"href":"https:\/\/louisevaaucinema.ch\/de\/wp-json\/wp\/v2\/product_brand?post=1637"},{"taxonomy":"product_cat","embeddable":true,"href":"https:\/\/louisevaaucinema.ch\/de\/wp-json\/wp\/v2\/product_cat?post=1637"},{"taxonomy":"product_tag","embeddable":true,"href":"https:\/\/louisevaaucinema.ch\/de\/wp-json\/wp\/v2\/product_tag?post=1637"}],"curies":[{"name":"wp","href":"https:\/\/api.w.org\/{rel}","templated":true}]}}