{"id":1625,"date":"2022-10-12T12:00:03","date_gmt":"2022-10-12T10:00:03","guid":{"rendered":"https:\/\/louisevaaucinema.ch\/produit\/clara-haskil-le-mystere-de-linterprete\/"},"modified":"2025-07-25T11:41:27","modified_gmt":"2025-07-25T09:41:27","slug":"clara-haskil-der-zauber-der-interpretation-dvd","status":"publish","type":"product","link":"https:\/\/louisevaaucinema.ch\/de\/produit\/clara-haskil-der-zauber-der-interpretation-dvd\/","title":{"rendered":"Clara Haskil &#8211; Der Zauber der Interpretation"},"content":{"rendered":"","protected":false},"excerpt":{"rendered":"<p><strong>Ein Film von Pascal Cling, Prune Jaillet und Pierre-Olivier Fran\u00e7ois<\/strong><\/p>\n<p><strong>Sprache:<\/strong> franz\u00f6sisch, deutsch<br \/>\n<strong>Untertitel:<\/strong> franz\u00f6sisch, deutsch und englisch<br \/>\n<strong>Dauer:<\/strong> 70 min<\/p>\n<p><a href=\"https:\/\/louisevaaucinema.ch\/wp-content\/uploads\/2019\/07\/Contenu_coffret_detaille-DE_V2.pdf\">Inhalt<\/a><\/p>\n<p>https:\/\/vimeo.com\/348594585<\/p>\n<p>&nbsp;<\/p>\n<p>&nbsp;<\/p>\n","protected":false},"featured_media":383,"template":"","meta":{"_acf_changed":false},"product_brand":[],"product_cat":[50],"product_tag":[],"class_list":{"0":"post-1625","1":"product","2":"type-product","3":"status-publish","4":"has-post-thumbnail","6":"product_cat-dvd-de","8":"first","9":"instock","10":"taxable","11":"shipping-taxable","12":"purchasable","13":"product-type-simple"},"acf":[],"yoast_head":"<!-- This site is optimized with the Yoast SEO plugin v27.3 - https:\/\/yoast.com\/product\/yoast-seo-wordpress\/ -->\n<title>Clara Haskil - Der Zauber der Interpretation - Louise va au cin\u00e9ma<\/title>\n<meta name=\"robots\" content=\"index, follow, max-snippet:-1, max-image-preview:large, max-video-preview:-1\" \/>\n<link rel=\"canonical\" href=\"https:\/\/louisevaaucinema.ch\/produit\/clara-haskil-le-mystere-de-linterprete\/\" \/>\n<meta property=\"og:locale\" content=\"de_DE\" \/>\n<meta property=\"og:type\" content=\"article\" \/>\n<meta property=\"og:title\" content=\"Clara Haskil - Der Zauber der Interpretation - Louise va au cin\u00e9ma\" \/>\n<meta property=\"og:description\" content=\"Ein Film von Pascal Cling, Prune Jaillet und Pierre-Olivier Fran\u00e7ois  Sprache: franz\u00f6sisch, deutsch Untertitel: franz\u00f6sisch, deutsch und englisch Dauer: 70 min  Inhalt  https:\/\/vimeo.com\/348594585  &nbsp;  &nbsp;\" \/>\n<meta property=\"og:url\" content=\"https:\/\/louisevaaucinema.ch\/produit\/clara-haskil-le-mystere-de-linterprete\/\" \/>\n<meta property=\"og:site_name\" content=\"Louise va au cin\u00e9ma\" \/>\n<meta property=\"article:publisher\" content=\"https:\/\/www.facebook.com\/louisevaaucinema\" \/>\n<meta property=\"article:modified_time\" content=\"2025-07-25T09:41:27+00:00\" \/>\n<meta property=\"og:image\" content=\"https:\/\/louisevaaucinema.ch\/wp-content\/uploads\/2022\/09\/clara_haskil_affiche-scaled.jpg\" \/>\n\t<meta property=\"og:image:width\" content=\"1788\" \/>\n\t<meta property=\"og:image:height\" content=\"2560\" \/>\n\t<meta property=\"og:image:type\" content=\"image\/jpeg\" \/>\n<meta name=\"twitter:card\" content=\"summary_large_image\" \/>\n<script type=\"application\/ld+json\" class=\"yoast-schema-graph\">{\"@context\":\"https:\\\/\\\/schema.org\",\"@graph\":[{\"@type\":\"WebPage\",\"@id\":\"https:\\\/\\\/louisevaaucinema.ch\\\/produit\\\/clara-haskil-le-mystere-de-linterprete\\\/\",\"url\":\"https:\\\/\\\/louisevaaucinema.ch\\\/produit\\\/clara-haskil-le-mystere-de-linterprete\\\/\",\"name\":\"Clara Haskil - Der Zauber der Interpretation - Louise va au cin\u00e9ma\",\"isPartOf\":{\"@id\":\"https:\\\/\\\/louisevaaucinema.ch\\\/#website\"},\"primaryImageOfPage\":{\"@id\":\"https:\\\/\\\/louisevaaucinema.ch\\\/produit\\\/clara-haskil-le-mystere-de-linterprete\\\/#primaryimage\"},\"image\":{\"@id\":\"https:\\\/\\\/louisevaaucinema.ch\\\/produit\\\/clara-haskil-le-mystere-de-linterprete\\\/#primaryimage\"},\"thumbnailUrl\":\"https:\\\/\\\/louisevaaucinema.ch\\\/wp-content\\\/uploads\\\/2022\\\/09\\\/clara_haskil_affiche-scaled.jpg\",\"datePublished\":\"2022-10-12T10:00:03+00:00\",\"dateModified\":\"2025-07-25T09:41:27+00:00\",\"breadcrumb\":{\"@id\":\"https:\\\/\\\/louisevaaucinema.ch\\\/produit\\\/clara-haskil-le-mystere-de-linterprete\\\/#breadcrumb\"},\"inLanguage\":\"de\",\"potentialAction\":[{\"@type\":\"ReadAction\",\"target\":[\"https:\\\/\\\/louisevaaucinema.ch\\\/produit\\\/clara-haskil-le-mystere-de-linterprete\\\/\"]}]},{\"@type\":\"ImageObject\",\"inLanguage\":\"de\",\"@id\":\"https:\\\/\\\/louisevaaucinema.ch\\\/produit\\\/clara-haskil-le-mystere-de-linterprete\\\/#primaryimage\",\"url\":\"https:\\\/\\\/louisevaaucinema.ch\\\/wp-content\\\/uploads\\\/2022\\\/09\\\/clara_haskil_affiche-scaled.jpg\",\"contentUrl\":\"https:\\\/\\\/louisevaaucinema.ch\\\/wp-content\\\/uploads\\\/2022\\\/09\\\/clara_haskil_affiche-scaled.jpg\",\"width\":1788,\"height\":2560},{\"@type\":\"BreadcrumbList\",\"@id\":\"https:\\\/\\\/louisevaaucinema.ch\\\/produit\\\/clara-haskil-le-mystere-de-linterprete\\\/#breadcrumb\",\"itemListElement\":[{\"@type\":\"ListItem\",\"position\":1,\"name\":\"Accueil\",\"item\":\"https:\\\/\\\/louisevaaucinema.ch\\\/de\\\/\"},{\"@type\":\"ListItem\",\"position\":2,\"name\":\"Shop\",\"item\":\"https:\\\/\\\/louisevaaucinema.ch\\\/de\\\/shop\\\/\"},{\"@type\":\"ListItem\",\"position\":3,\"name\":\"Clara Haskil &#8211; Der Zauber der Interpretation\"}]},{\"@type\":\"WebSite\",\"@id\":\"https:\\\/\\\/louisevaaucinema.ch\\\/#website\",\"url\":\"https:\\\/\\\/louisevaaucinema.ch\\\/\",\"name\":\"Louise va au cin\u00e9ma\",\"description\":\"\",\"publisher\":{\"@id\":\"https:\\\/\\\/louisevaaucinema.ch\\\/#organization\"},\"potentialAction\":[{\"@type\":\"SearchAction\",\"target\":{\"@type\":\"EntryPoint\",\"urlTemplate\":\"https:\\\/\\\/louisevaaucinema.ch\\\/?s={search_term_string}\"},\"query-input\":{\"@type\":\"PropertyValueSpecification\",\"valueRequired\":true,\"valueName\":\"search_term_string\"}}],\"inLanguage\":\"de\"},{\"@type\":\"Organization\",\"@id\":\"https:\\\/\\\/louisevaaucinema.ch\\\/#organization\",\"name\":\"Louise va au cin\u00e9ma\",\"url\":\"https:\\\/\\\/louisevaaucinema.ch\\\/\",\"logo\":{\"@type\":\"ImageObject\",\"inLanguage\":\"de\",\"@id\":\"https:\\\/\\\/louisevaaucinema.ch\\\/#\\\/schema\\\/logo\\\/image\\\/\",\"url\":\"https:\\\/\\\/louisevaaucinema.ch\\\/wp-content\\\/uploads\\\/2022\\\/10\\\/louise_va_au_cinema.png\",\"contentUrl\":\"https:\\\/\\\/louisevaaucinema.ch\\\/wp-content\\\/uploads\\\/2022\\\/10\\\/louise_va_au_cinema.png\",\"width\":200,\"height\":191,\"caption\":\"Louise va au cin\u00e9ma\"},\"image\":{\"@id\":\"https:\\\/\\\/louisevaaucinema.ch\\\/#\\\/schema\\\/logo\\\/image\\\/\"},\"sameAs\":[\"https:\\\/\\\/www.facebook.com\\\/louisevaaucinema\",\"https:\\\/\\\/www.instagram.com\\\/louise_va_au_cinema\\\/\",\"https:\\\/\\\/www.youtube.com\\\/channel\\\/UCrhgn2pvV1uzduPdIYsTQ-A\"]}]}<\/script>\n<!-- \/ Yoast SEO plugin. -->","yoast_head_json":{"title":"Clara Haskil - Der Zauber der Interpretation - Louise va au cin\u00e9ma","robots":{"index":"index","follow":"follow","max-snippet":"max-snippet:-1","max-image-preview":"max-image-preview:large","max-video-preview":"max-video-preview:-1"},"canonical":"https:\/\/louisevaaucinema.ch\/produit\/clara-haskil-le-mystere-de-linterprete\/","og_locale":"de_DE","og_type":"article","og_title":"Clara Haskil - Der Zauber der Interpretation - Louise va au cin\u00e9ma","og_description":"Ein Film von Pascal Cling, Prune Jaillet und Pierre-Olivier Fran\u00e7ois  Sprache: franz\u00f6sisch, deutsch Untertitel: franz\u00f6sisch, deutsch und englisch Dauer: 70 min  Inhalt  https:\/\/vimeo.com\/348594585  &nbsp;  &nbsp;","og_url":"https:\/\/louisevaaucinema.ch\/produit\/clara-haskil-le-mystere-de-linterprete\/","og_site_name":"Louise va au cin\u00e9ma","article_publisher":"https:\/\/www.facebook.com\/louisevaaucinema","article_modified_time":"2025-07-25T09:41:27+00:00","og_image":[{"width":1788,"height":2560,"url":"https:\/\/louisevaaucinema.ch\/wp-content\/uploads\/2022\/09\/clara_haskil_affiche-scaled.jpg","type":"image\/jpeg"}],"twitter_card":"summary_large_image","schema":{"@context":"https:\/\/schema.org","@graph":[{"@type":"WebPage","@id":"https:\/\/louisevaaucinema.ch\/produit\/clara-haskil-le-mystere-de-linterprete\/","url":"https:\/\/louisevaaucinema.ch\/produit\/clara-haskil-le-mystere-de-linterprete\/","name":"Clara Haskil - Der Zauber der Interpretation - Louise va au cin\u00e9ma","isPartOf":{"@id":"https:\/\/louisevaaucinema.ch\/#website"},"primaryImageOfPage":{"@id":"https:\/\/louisevaaucinema.ch\/produit\/clara-haskil-le-mystere-de-linterprete\/#primaryimage"},"image":{"@id":"https:\/\/louisevaaucinema.ch\/produit\/clara-haskil-le-mystere-de-linterprete\/#primaryimage"},"thumbnailUrl":"https:\/\/louisevaaucinema.ch\/wp-content\/uploads\/2022\/09\/clara_haskil_affiche-scaled.jpg","datePublished":"2022-10-12T10:00:03+00:00","dateModified":"2025-07-25T09:41:27+00:00","breadcrumb":{"@id":"https:\/\/louisevaaucinema.ch\/produit\/clara-haskil-le-mystere-de-linterprete\/#breadcrumb"},"inLanguage":"de","potentialAction":[{"@type":"ReadAction","target":["https:\/\/louisevaaucinema.ch\/produit\/clara-haskil-le-mystere-de-linterprete\/"]}]},{"@type":"ImageObject","inLanguage":"de","@id":"https:\/\/louisevaaucinema.ch\/produit\/clara-haskil-le-mystere-de-linterprete\/#primaryimage","url":"https:\/\/louisevaaucinema.ch\/wp-content\/uploads\/2022\/09\/clara_haskil_affiche-scaled.jpg","contentUrl":"https:\/\/louisevaaucinema.ch\/wp-content\/uploads\/2022\/09\/clara_haskil_affiche-scaled.jpg","width":1788,"height":2560},{"@type":"BreadcrumbList","@id":"https:\/\/louisevaaucinema.ch\/produit\/clara-haskil-le-mystere-de-linterprete\/#breadcrumb","itemListElement":[{"@type":"ListItem","position":1,"name":"Accueil","item":"https:\/\/louisevaaucinema.ch\/de\/"},{"@type":"ListItem","position":2,"name":"Shop","item":"https:\/\/louisevaaucinema.ch\/de\/shop\/"},{"@type":"ListItem","position":3,"name":"Clara Haskil &#8211; Der Zauber der Interpretation"}]},{"@type":"WebSite","@id":"https:\/\/louisevaaucinema.ch\/#website","url":"https:\/\/louisevaaucinema.ch\/","name":"Louise va au cin\u00e9ma","description":"","publisher":{"@id":"https:\/\/louisevaaucinema.ch\/#organization"},"potentialAction":[{"@type":"SearchAction","target":{"@type":"EntryPoint","urlTemplate":"https:\/\/louisevaaucinema.ch\/?s={search_term_string}"},"query-input":{"@type":"PropertyValueSpecification","valueRequired":true,"valueName":"search_term_string"}}],"inLanguage":"de"},{"@type":"Organization","@id":"https:\/\/louisevaaucinema.ch\/#organization","name":"Louise va au cin\u00e9ma","url":"https:\/\/louisevaaucinema.ch\/","logo":{"@type":"ImageObject","inLanguage":"de","@id":"https:\/\/louisevaaucinema.ch\/#\/schema\/logo\/image\/","url":"https:\/\/louisevaaucinema.ch\/wp-content\/uploads\/2022\/10\/louise_va_au_cinema.png","contentUrl":"https:\/\/louisevaaucinema.ch\/wp-content\/uploads\/2022\/10\/louise_va_au_cinema.png","width":200,"height":191,"caption":"Louise va au cin\u00e9ma"},"image":{"@id":"https:\/\/louisevaaucinema.ch\/#\/schema\/logo\/image\/"},"sameAs":["https:\/\/www.facebook.com\/louisevaaucinema","https:\/\/www.instagram.com\/louise_va_au_cinema\/","https:\/\/www.youtube.com\/channel\/UCrhgn2pvV1uzduPdIYsTQ-A"]}]}},"_links":{"self":[{"href":"https:\/\/louisevaaucinema.ch\/de\/wp-json\/wp\/v2\/product\/1625","targetHints":{"allow":["GET"]}}],"collection":[{"href":"https:\/\/louisevaaucinema.ch\/de\/wp-json\/wp\/v2\/product"}],"about":[{"href":"https:\/\/louisevaaucinema.ch\/de\/wp-json\/wp\/v2\/types\/product"}],"wp:featuredmedia":[{"embeddable":true,"href":"https:\/\/louisevaaucinema.ch\/de\/wp-json\/wp\/v2\/media\/383"}],"wp:attachment":[{"href":"https:\/\/louisevaaucinema.ch\/de\/wp-json\/wp\/v2\/media?parent=1625"}],"wp:term":[{"taxonomy":"product_brand","embeddable":true,"href":"https:\/\/louisevaaucinema.ch\/de\/wp-json\/wp\/v2\/product_brand?post=1625"},{"taxonomy":"product_cat","embeddable":true,"href":"https:\/\/louisevaaucinema.ch\/de\/wp-json\/wp\/v2\/product_cat?post=1625"},{"taxonomy":"product_tag","embeddable":true,"href":"https:\/\/louisevaaucinema.ch\/de\/wp-json\/wp\/v2\/product_tag?post=1625"}],"curies":[{"name":"wp","href":"https:\/\/api.w.org\/{rel}","templated":true}]}}