{"id":555,"date":"2022-08-29T16:19:54","date_gmt":"2022-08-29T14:19:54","guid":{"rendered":"https:\/\/comonaute.ch\/www\/vevey\/scolaires\/"},"modified":"2023-02-17T15:47:28","modified_gmt":"2023-02-17T14:47:28","slug":"schulen","status":"publish","type":"page","link":"https:\/\/louisevaaucinema.ch\/de\/schulen\/","title":{"rendered":"Schulen"},"content":{"rendered":"<h1>SCHULEN<\/h1>\n<div>\n<p>Bei<span>\u00a0<\/span><em>Louise geht ins Kino<span>\u00a0<\/span><\/em>setzen wir bevorzugt auf die Vorstellung von Filmen f\u00fcr ein junges Publikum. Schulvorf\u00fchrungen erm\u00f6glichen n\u00e4mlich, sich eine kinematografische Kultur anzueignen und die in der Schule unterrichteten Themen durch Filme zu vertiefen.<\/p>\n<p>Zu diesem Zweck stellen wir Ihnen p\u00e4dagogische Unterlagen zur Verf\u00fcgung. Klicken Sie einfach auf die untenstehenden Plakate, um Zugriff zu erhalten.<\/p>\n<p>Wir werden Ihre Sch\u00fcler und Sch\u00fclerinnen bei den Vorf\u00fchrungen begleiten. Soweit es m\u00f6glich ist, werden auch die Regisseurin oder der Regisseur des jeweiligen Films anwesend sein.<\/p>\n<p>Z\u00f6gern Sie nicht, uns unter der Adresse\u00a0<a href=\"mailto:info@louisevaaucin%8Ema.ch\">info@louisevaaucin\u00e9ma.ch<\/a><span>\u00a0<\/span>oder per Telefon unter der Nummer 021 923 63 63 zu kontaktieren.<\/p>\n<p>Wir freuen uns, Sie kennenzulernen!<br \/>Ihr Team von<span>\u00a0<\/span><em>Louise geht ins Kino<\/em><\/p>\n<\/div>\n<h2>Contact<\/h2>\n<div>\n<p>Chlo\u00e9 Sedlatchek <br \/>chloe@louiseproductions.ch<br \/>021 923 63 63<\/p>\n<\/div>\n<div>\n<\/div>\n<p><!--more--><br \/>\n<!-- {\"name\":\"scolaires (FR)\",\"type\":\"layout\",\"children\":[{\"name\":\"\",\"type\":\"section\",\"props\":{\"style\":\"muted\",\"width\":\"large\",\"vertical_align\":\"middle\",\"title_position\":\"top-left\",\"title_rotation\":\"left\",\"title_breakpoint\":\"xl\",\"image_position\":\"center-center\"},\"children\":[{\"name\":\"\",\"type\":\"row\",\"children\":[{\"name\":\"\",\"type\":\"column\",\"props\":{\"image_position\":\"center-center\",\"media_overlay_gradient\":\"\",\"width_medium\":\"1-1\",\"position_sticky_breakpoint\":\"m\"},\"children\":[{\"name\":\"\",\"type\":\"headline\",\"props\":{\"title_element\":\"h1\",\"title_style\":\"heading-small\",\"text_align\":\"center\",\"content\":\"SCHULEN\"}}]}]}]},{\"name\":\"Informations\",\"type\":\"section\",\"props\":{\"style\":\"default\",\"width\":\"large\",\"vertical_align\":\"middle\",\"title_position\":\"top-left\",\"title_rotation\":\"left\",\"title_breakpoint\":\"xl\",\"image_position\":\"center-center\"},\"children\":[{\"name\":\"\",\"type\":\"row\",\"props\":{\"layout\":\"2-3,1-3\"},\"children\":[{\"name\":\"\",\"type\":\"column\",\"props\":{\"image_position\":\"center-center\",\"media_overlay_gradient\":\"\",\"width_medium\":\"2-3\",\"position_sticky_breakpoint\":\"m\"},\"children\":[{\"name\":\"\",\"type\":\"text\",\"props\":{\"margin\":\"default\",\"column_breakpoint\":\"m\",\"text_style\":\"lead\",\"text_align\":\"justify\",\"content\":\"\n\n<p>Bei<span>\\u00a0<\\\/span><em>Louise geht ins Kino<span>\\u00a0<\\\/span><\\\/em>setzen wir bevorzugt auf die Vorstellung von Filmen f\\u00fcr ein junges Publikum. Schulvorf\\u00fchrungen erm\\u00f6glichen n\\u00e4mlich, sich eine kinematografische Kultur anzueignen und die in der Schule unterrichteten Themen durch Filme zu vertiefen.<\\\/p>\\n\n\n<p>Zu diesem Zweck stellen wir Ihnen p\\u00e4dagogische Unterlagen zur Verf\\u00fcgung. Klicken Sie einfach auf die untenstehenden Plakate, um Zugriff zu erhalten.<\\\/p>\\n\n\n<p>Wir werden Ihre Sch\\u00fcler und Sch\\u00fclerinnen bei den Vorf\\u00fchrungen begleiten. Soweit es m\\u00f6glich ist, werden auch die Regisseurin oder der Regisseur des jeweiligen Films anwesend sein.<\\\/p>\\n\n\n<p>Z\\u00f6gern Sie nicht, uns unter der Adresse\\u00a0<a href=\\\"mailto:info@louisevaaucin%8Ema.ch\\\">info@louisevaaucin\\u00e9ma.ch<\\\/a><span>\\u00a0<\\\/span>oder per Telefon unter der Nummer 021 923 63 63 zu kontaktieren.<\\\/p>\\n\n\n<p>Wir freuen uns, Sie kennenzulernen!<br \\\/>Ihr Team von<span>\\u00a0<\\\/span><em>Louise geht ins Kino<\\\/em><\\\/p>\"}}]},{\"name\":\"\",\"type\":\"column\",\"props\":{\"image_position\":\"center-center\",\"media_overlay_gradient\":\"\",\"vertical_align\":\"middle\",\"style\":\"muted\",\"width_medium\":\"1-3\",\"position_sticky_breakpoint\":\"m\"},\"children\":[{\"name\":\"\",\"type\":\"headline\",\"props\":{\"title_element\":\"h2\",\"title_style\":\"h3\",\"text_align\":\"center\",\"content\":\"Contact\"}},{\"name\":\"\",\"type\":\"text\",\"props\":{\"margin\":\"default\",\"column_breakpoint\":\"m\",\"text_align\":\"center\",\"content\":\"\n\n<p>Chlo\\u00e9 Sedlatchek <br \\\/>chloe@louiseproductions.ch<br \\\/>021 923 63 63<\\\/p>\"}}]}]}]},{\"name\":\"Scolaires\",\"type\":\"section\",\"props\":{\"style\":\"default\",\"width\":\"large\",\"vertical_align\":\"middle\",\"title_position\":\"top-left\",\"title_rotation\":\"left\",\"title_breakpoint\":\"xl\",\"image_position\":\"center-center\"},\"children\":[{\"name\":\"\",\"type\":\"row\",\"children\":[{\"name\":\"\",\"type\":\"column\",\"props\":{\"image_position\":\"center-center\",\"media_overlay_gradient\":\"\",\"width_medium\":\"1-1\",\"position_sticky_breakpoint\":\"m\"},\"children\":[{\"type\":\"gallery\",\"props\":{\"show_title\":true,\"show_meta\":true,\"show_content\":true,\"show_link\":true,\"show_hover_image\":true,\"grid_default\":\"1\",\"grid_medium\":\"\",\"filter_style\":\"tab\",\"filter_all\":true,\"filter_position\":\"top\",\"filter_align\":\"left\",\"filter_grid_width\":\"auto\",\"filter_grid_breakpoint\":\"m\",\"overlay_mode\":\"cover\",\"overlay_hover\":true,\"overlay_style\":\"tile-primary\",\"text_color\":\"light\",\"overlay_position\":\"center\",\"overlay_transition\":\"fade\",\"title_hover_style\":\"reset\",\"title_element\":\"h3\",\"meta_style\":\"meta\",\"meta_align\":\"below-title\",\"meta_element\":\"div\",\"link_text\":\"Read more\",\"link_style\":\"text\",\"text_align\":\"center\",\"margin\":\"default\",\"item_animation\":true,\"grid_small\":\"3\",\"overlay_link\":true},\"children\":[{\"type\":\"gallery_item\",\"props\":{\"link_text\":\"Fiche p\\u00e9dagogique\"},\"source\":{\"query\":{\"name\":\"posts.customPosts\",\"arguments\":{\"terms\":[28],\"category_operator\":\"IN\",\"post_tag_operator\":\"IN\",\"users\":[],\"users_operator\":\"IN\",\"offset\":0,\"limit\":10,\"order\":\"date\",\"order_direction\":\"DESC\"}},\"props\":{\"image\":{\"filters\":{\"search\":\"\"},\"name\":\"featuredImage.url\"},\"image_alt\":{\"filters\":{\"search\":\"\"},\"name\":\"featuredImage.alt\"},\"link\":{\"filters\":{\"search\":\"\"},\"name\":\"link\"}}}}],\"modified\":\"2021-09-26T09:03:58.962Z\",\"name\":\"scolaires\"}]}]}]}],\"version\":\"2.7.26\"} --><\/p>\n","protected":false},"excerpt":{"rendered":"<p>SCHULEN Bei\u00a0Louise geht ins Kino\u00a0setzen wir bevorzugt auf die Vorstellung von Filmen f\u00fcr ein junges Publikum. Schulvorf\u00fchrungen erm\u00f6glichen n\u00e4mlich, sich eine kinematografische Kultur anzueignen und die in der Schule unterrichteten Themen durch Filme zu vertiefen. Zu diesem Zweck stellen wir Ihnen p\u00e4dagogische Unterlagen zur Verf\u00fcgung. Klicken Sie einfach auf die untenstehenden Plakate, um Zugriff zu [&hellip;]<\/p>\n","protected":false},"author":1,"featured_media":0,"parent":0,"menu_order":0,"comment_status":"closed","ping_status":"closed","template":"","meta":{"_acf_changed":false,"footnotes":""},"class_list":["post-555","page","type-page","status-publish","hentry"],"acf":[],"yoast_head":"<!-- This site is optimized with the Yoast SEO plugin v27.4 - https:\/\/yoast.com\/product\/yoast-seo-wordpress\/ -->\n<title>Schulen - Louise va au cin\u00e9ma<\/title>\n<meta name=\"robots\" content=\"index, follow, max-snippet:-1, max-image-preview:large, max-video-preview:-1\" \/>\n<link rel=\"canonical\" href=\"https:\/\/louisevaaucinema.ch\/de\/schulen\/\" \/>\n<meta property=\"og:locale\" content=\"de_DE\" \/>\n<meta property=\"og:type\" content=\"article\" \/>\n<meta property=\"og:title\" content=\"Schulen - Louise va au cin\u00e9ma\" \/>\n<meta property=\"og:description\" content=\"SCHULEN Bei\u00a0Louise geht ins Kino\u00a0setzen wir bevorzugt auf die Vorstellung von Filmen f\u00fcr ein junges Publikum. Schulvorf\u00fchrungen erm\u00f6glichen n\u00e4mlich, sich eine kinematografische Kultur anzueignen und die in der Schule unterrichteten Themen durch Filme zu vertiefen. Zu diesem Zweck stellen wir Ihnen p\u00e4dagogische Unterlagen zur Verf\u00fcgung. Klicken Sie einfach auf die untenstehenden Plakate, um Zugriff zu [&hellip;]\" \/>\n<meta property=\"og:url\" content=\"https:\/\/louisevaaucinema.ch\/de\/schulen\/\" \/>\n<meta property=\"og:site_name\" content=\"Louise va au cin\u00e9ma\" \/>\n<meta property=\"article:publisher\" content=\"https:\/\/www.facebook.com\/louisevaaucinema\" \/>\n<meta property=\"article:modified_time\" content=\"2023-02-17T14:47:28+00:00\" \/>\n<meta name=\"twitter:card\" content=\"summary_large_image\" \/>\n<meta name=\"twitter:label1\" content=\"Gesch\u00e4tzte Lesezeit\" \/>\n\t<meta name=\"twitter:data1\" content=\"1\u00a0Minute\" \/>\n<script type=\"application\/ld+json\" class=\"yoast-schema-graph\">{\"@context\":\"https:\\\/\\\/schema.org\",\"@graph\":[{\"@type\":\"WebPage\",\"@id\":\"https:\\\/\\\/louisevaaucinema.ch\\\/de\\\/schulen\\\/\",\"url\":\"https:\\\/\\\/louisevaaucinema.ch\\\/de\\\/schulen\\\/\",\"name\":\"Schulen - Louise va au cin\u00e9ma\",\"isPartOf\":{\"@id\":\"https:\\\/\\\/louisevaaucinema.ch\\\/#website\"},\"datePublished\":\"2022-08-29T14:19:54+00:00\",\"dateModified\":\"2023-02-17T14:47:28+00:00\",\"breadcrumb\":{\"@id\":\"https:\\\/\\\/louisevaaucinema.ch\\\/de\\\/schulen\\\/#breadcrumb\"},\"inLanguage\":\"de\",\"potentialAction\":[{\"@type\":\"ReadAction\",\"target\":[\"https:\\\/\\\/louisevaaucinema.ch\\\/de\\\/schulen\\\/\"]}]},{\"@type\":\"BreadcrumbList\",\"@id\":\"https:\\\/\\\/louisevaaucinema.ch\\\/de\\\/schulen\\\/#breadcrumb\",\"itemListElement\":[{\"@type\":\"ListItem\",\"position\":1,\"name\":\"Accueil\",\"item\":\"https:\\\/\\\/louisevaaucinema.ch\\\/de\\\/\"},{\"@type\":\"ListItem\",\"position\":2,\"name\":\"Schulen\"}]},{\"@type\":\"WebSite\",\"@id\":\"https:\\\/\\\/louisevaaucinema.ch\\\/#website\",\"url\":\"https:\\\/\\\/louisevaaucinema.ch\\\/\",\"name\":\"Louise va au cin\u00e9ma\",\"description\":\"\",\"publisher\":{\"@id\":\"https:\\\/\\\/louisevaaucinema.ch\\\/#organization\"},\"potentialAction\":[{\"@type\":\"SearchAction\",\"target\":{\"@type\":\"EntryPoint\",\"urlTemplate\":\"https:\\\/\\\/louisevaaucinema.ch\\\/?s={search_term_string}\"},\"query-input\":{\"@type\":\"PropertyValueSpecification\",\"valueRequired\":true,\"valueName\":\"search_term_string\"}}],\"inLanguage\":\"de\"},{\"@type\":\"Organization\",\"@id\":\"https:\\\/\\\/louisevaaucinema.ch\\\/#organization\",\"name\":\"Louise va au cin\u00e9ma\",\"url\":\"https:\\\/\\\/louisevaaucinema.ch\\\/\",\"logo\":{\"@type\":\"ImageObject\",\"inLanguage\":\"de\",\"@id\":\"https:\\\/\\\/louisevaaucinema.ch\\\/#\\\/schema\\\/logo\\\/image\\\/\",\"url\":\"https:\\\/\\\/louisevaaucinema.ch\\\/wp-content\\\/uploads\\\/2022\\\/10\\\/louise_va_au_cinema.png\",\"contentUrl\":\"https:\\\/\\\/louisevaaucinema.ch\\\/wp-content\\\/uploads\\\/2022\\\/10\\\/louise_va_au_cinema.png\",\"width\":200,\"height\":191,\"caption\":\"Louise va au cin\u00e9ma\"},\"image\":{\"@id\":\"https:\\\/\\\/louisevaaucinema.ch\\\/#\\\/schema\\\/logo\\\/image\\\/\"},\"sameAs\":[\"https:\\\/\\\/www.facebook.com\\\/louisevaaucinema\",\"https:\\\/\\\/www.instagram.com\\\/louise_va_au_cinema\\\/\",\"https:\\\/\\\/www.youtube.com\\\/channel\\\/UCrhgn2pvV1uzduPdIYsTQ-A\"]}]}<\/script>\n<!-- \/ Yoast SEO plugin. -->","yoast_head_json":{"title":"Schulen - Louise va au cin\u00e9ma","robots":{"index":"index","follow":"follow","max-snippet":"max-snippet:-1","max-image-preview":"max-image-preview:large","max-video-preview":"max-video-preview:-1"},"canonical":"https:\/\/louisevaaucinema.ch\/de\/schulen\/","og_locale":"de_DE","og_type":"article","og_title":"Schulen - Louise va au cin\u00e9ma","og_description":"SCHULEN Bei\u00a0Louise geht ins Kino\u00a0setzen wir bevorzugt auf die Vorstellung von Filmen f\u00fcr ein junges Publikum. Schulvorf\u00fchrungen erm\u00f6glichen n\u00e4mlich, sich eine kinematografische Kultur anzueignen und die in der Schule unterrichteten Themen durch Filme zu vertiefen. Zu diesem Zweck stellen wir Ihnen p\u00e4dagogische Unterlagen zur Verf\u00fcgung. Klicken Sie einfach auf die untenstehenden Plakate, um Zugriff zu [&hellip;]","og_url":"https:\/\/louisevaaucinema.ch\/de\/schulen\/","og_site_name":"Louise va au cin\u00e9ma","article_publisher":"https:\/\/www.facebook.com\/louisevaaucinema","article_modified_time":"2023-02-17T14:47:28+00:00","twitter_card":"summary_large_image","twitter_misc":{"Gesch\u00e4tzte Lesezeit":"1\u00a0Minute"},"schema":{"@context":"https:\/\/schema.org","@graph":[{"@type":"WebPage","@id":"https:\/\/louisevaaucinema.ch\/de\/schulen\/","url":"https:\/\/louisevaaucinema.ch\/de\/schulen\/","name":"Schulen - Louise va au cin\u00e9ma","isPartOf":{"@id":"https:\/\/louisevaaucinema.ch\/#website"},"datePublished":"2022-08-29T14:19:54+00:00","dateModified":"2023-02-17T14:47:28+00:00","breadcrumb":{"@id":"https:\/\/louisevaaucinema.ch\/de\/schulen\/#breadcrumb"},"inLanguage":"de","potentialAction":[{"@type":"ReadAction","target":["https:\/\/louisevaaucinema.ch\/de\/schulen\/"]}]},{"@type":"BreadcrumbList","@id":"https:\/\/louisevaaucinema.ch\/de\/schulen\/#breadcrumb","itemListElement":[{"@type":"ListItem","position":1,"name":"Accueil","item":"https:\/\/louisevaaucinema.ch\/de\/"},{"@type":"ListItem","position":2,"name":"Schulen"}]},{"@type":"WebSite","@id":"https:\/\/louisevaaucinema.ch\/#website","url":"https:\/\/louisevaaucinema.ch\/","name":"Louise va au cin\u00e9ma","description":"","publisher":{"@id":"https:\/\/louisevaaucinema.ch\/#organization"},"potentialAction":[{"@type":"SearchAction","target":{"@type":"EntryPoint","urlTemplate":"https:\/\/louisevaaucinema.ch\/?s={search_term_string}"},"query-input":{"@type":"PropertyValueSpecification","valueRequired":true,"valueName":"search_term_string"}}],"inLanguage":"de"},{"@type":"Organization","@id":"https:\/\/louisevaaucinema.ch\/#organization","name":"Louise va au cin\u00e9ma","url":"https:\/\/louisevaaucinema.ch\/","logo":{"@type":"ImageObject","inLanguage":"de","@id":"https:\/\/louisevaaucinema.ch\/#\/schema\/logo\/image\/","url":"https:\/\/louisevaaucinema.ch\/wp-content\/uploads\/2022\/10\/louise_va_au_cinema.png","contentUrl":"https:\/\/louisevaaucinema.ch\/wp-content\/uploads\/2022\/10\/louise_va_au_cinema.png","width":200,"height":191,"caption":"Louise va au cin\u00e9ma"},"image":{"@id":"https:\/\/louisevaaucinema.ch\/#\/schema\/logo\/image\/"},"sameAs":["https:\/\/www.facebook.com\/louisevaaucinema","https:\/\/www.instagram.com\/louise_va_au_cinema\/","https:\/\/www.youtube.com\/channel\/UCrhgn2pvV1uzduPdIYsTQ-A"]}]}},"_links":{"self":[{"href":"https:\/\/louisevaaucinema.ch\/de\/wp-json\/wp\/v2\/pages\/555","targetHints":{"allow":["GET"]}}],"collection":[{"href":"https:\/\/louisevaaucinema.ch\/de\/wp-json\/wp\/v2\/pages"}],"about":[{"href":"https:\/\/louisevaaucinema.ch\/de\/wp-json\/wp\/v2\/types\/page"}],"author":[{"embeddable":true,"href":"https:\/\/louisevaaucinema.ch\/de\/wp-json\/wp\/v2\/users\/1"}],"replies":[{"embeddable":true,"href":"https:\/\/louisevaaucinema.ch\/de\/wp-json\/wp\/v2\/comments?post=555"}],"version-history":[{"count":0,"href":"https:\/\/louisevaaucinema.ch\/de\/wp-json\/wp\/v2\/pages\/555\/revisions"}],"wp:attachment":[{"href":"https:\/\/louisevaaucinema.ch\/de\/wp-json\/wp\/v2\/media?parent=555"}],"curies":[{"name":"wp","href":"https:\/\/api.w.org\/{rel}","templated":true}]}}