{"id":552,"date":"2022-09-02T13:53:00","date_gmt":"2022-09-02T11:53:00","guid":{"rendered":"https:\/\/comonaute.ch\/www\/vevey\/?page_id=552"},"modified":"2022-09-02T13:53:45","modified_gmt":"2022-09-02T11:53:45","slug":"datenschutz","status":"publish","type":"page","link":"https:\/\/louisevaaucinema.ch\/de\/datenschutz\/","title":{"rendered":"Datenschutz"},"content":{"rendered":"<p>\u201eLouise geht ins Kino\u201c verarbeitet nur Daten, die zur Aus\u00fcbung der T\u00e4tigkeit des Unternehmens im Rahmen der Vorbereitung der Bestellung ben\u00f6tigt werden. Pers\u00f6nliche Daten werden vertraulich behandelt.<\/p>\n<p>Wir speichern die laufenden und bereits abgeschlossenen Bestellungen und alle diese Bestellungen betreffenden Daten, um unseren Kunden die besten Optionen bieten zu k\u00f6nnen.<\/p>\n","protected":false},"excerpt":{"rendered":"<p>\u201eLouise geht ins Kino\u201c verarbeitet nur Daten, die zur Aus\u00fcbung der T\u00e4tigkeit des Unternehmens im Rahmen der Vorbereitung der Bestellung ben\u00f6tigt werden. Pers\u00f6nliche Daten werden vertraulich behandelt. Wir speichern die laufenden und bereits abgeschlossenen Bestellungen und alle diese Bestellungen betreffenden Daten, um unseren Kunden die besten Optionen bieten zu k\u00f6nnen.<\/p>\n","protected":false},"author":1,"featured_media":0,"parent":0,"menu_order":0,"comment_status":"closed","ping_status":"closed","template":"","meta":{"_acf_changed":false,"footnotes":""},"class_list":["post-552","page","type-page","status-publish","hentry"],"acf":[],"yoast_head":"<!-- This site is optimized with the Yoast SEO plugin v27.6 - https:\/\/yoast.com\/product\/yoast-seo-wordpress\/ -->\n<title>Datenschutz - Louise va au cin\u00e9ma<\/title>\n<meta name=\"robots\" content=\"index, follow, max-snippet:-1, max-image-preview:large, max-video-preview:-1\" \/>\n<link rel=\"canonical\" href=\"https:\/\/louisevaaucinema.ch\/de\/datenschutz\/\" \/>\n<meta property=\"og:locale\" content=\"de_DE\" \/>\n<meta property=\"og:type\" content=\"article\" \/>\n<meta property=\"og:title\" content=\"Datenschutz - Louise va au cin\u00e9ma\" \/>\n<meta property=\"og:description\" content=\"\u201eLouise geht ins Kino\u201c verarbeitet nur Daten, die zur Aus\u00fcbung der T\u00e4tigkeit des Unternehmens im Rahmen der Vorbereitung der Bestellung ben\u00f6tigt werden. Pers\u00f6nliche Daten werden vertraulich behandelt. Wir speichern die laufenden und bereits abgeschlossenen Bestellungen und alle diese Bestellungen betreffenden Daten, um unseren Kunden die besten Optionen bieten zu k\u00f6nnen.\" \/>\n<meta property=\"og:url\" content=\"https:\/\/louisevaaucinema.ch\/de\/datenschutz\/\" \/>\n<meta property=\"og:site_name\" content=\"Louise va au cin\u00e9ma\" \/>\n<meta property=\"article:publisher\" content=\"https:\/\/www.facebook.com\/louisevaaucinema\" \/>\n<meta property=\"article:modified_time\" content=\"2022-09-02T11:53:45+00:00\" \/>\n<meta name=\"twitter:card\" content=\"summary_large_image\" \/>\n<script type=\"application\/ld+json\" class=\"yoast-schema-graph\">{\"@context\":\"https:\\\/\\\/schema.org\",\"@graph\":[{\"@type\":\"WebPage\",\"@id\":\"https:\\\/\\\/louisevaaucinema.ch\\\/de\\\/datenschutz\\\/\",\"url\":\"https:\\\/\\\/louisevaaucinema.ch\\\/de\\\/datenschutz\\\/\",\"name\":\"Datenschutz - Louise va au cin\u00e9ma\",\"isPartOf\":{\"@id\":\"https:\\\/\\\/louisevaaucinema.ch\\\/#website\"},\"datePublished\":\"2022-09-02T11:53:00+00:00\",\"dateModified\":\"2022-09-02T11:53:45+00:00\",\"breadcrumb\":{\"@id\":\"https:\\\/\\\/louisevaaucinema.ch\\\/de\\\/datenschutz\\\/#breadcrumb\"},\"inLanguage\":\"de\",\"potentialAction\":[{\"@type\":\"ReadAction\",\"target\":[\"https:\\\/\\\/louisevaaucinema.ch\\\/de\\\/datenschutz\\\/\"]}]},{\"@type\":\"BreadcrumbList\",\"@id\":\"https:\\\/\\\/louisevaaucinema.ch\\\/de\\\/datenschutz\\\/#breadcrumb\",\"itemListElement\":[{\"@type\":\"ListItem\",\"position\":1,\"name\":\"Accueil\",\"item\":\"https:\\\/\\\/louisevaaucinema.ch\\\/de\\\/\"},{\"@type\":\"ListItem\",\"position\":2,\"name\":\"Datenschutz\"}]},{\"@type\":\"WebSite\",\"@id\":\"https:\\\/\\\/louisevaaucinema.ch\\\/#website\",\"url\":\"https:\\\/\\\/louisevaaucinema.ch\\\/\",\"name\":\"Louise va au cin\u00e9ma\",\"description\":\"\",\"publisher\":{\"@id\":\"https:\\\/\\\/louisevaaucinema.ch\\\/#organization\"},\"potentialAction\":[{\"@type\":\"SearchAction\",\"target\":{\"@type\":\"EntryPoint\",\"urlTemplate\":\"https:\\\/\\\/louisevaaucinema.ch\\\/?s={search_term_string}\"},\"query-input\":{\"@type\":\"PropertyValueSpecification\",\"valueRequired\":true,\"valueName\":\"search_term_string\"}}],\"inLanguage\":\"de\"},{\"@type\":\"Organization\",\"@id\":\"https:\\\/\\\/louisevaaucinema.ch\\\/#organization\",\"name\":\"Louise va au cin\u00e9ma\",\"url\":\"https:\\\/\\\/louisevaaucinema.ch\\\/\",\"logo\":{\"@type\":\"ImageObject\",\"inLanguage\":\"de\",\"@id\":\"https:\\\/\\\/louisevaaucinema.ch\\\/#\\\/schema\\\/logo\\\/image\\\/\",\"url\":\"https:\\\/\\\/louisevaaucinema.ch\\\/wp-content\\\/uploads\\\/2022\\\/10\\\/louise_va_au_cinema.png\",\"contentUrl\":\"https:\\\/\\\/louisevaaucinema.ch\\\/wp-content\\\/uploads\\\/2022\\\/10\\\/louise_va_au_cinema.png\",\"width\":200,\"height\":191,\"caption\":\"Louise va au cin\u00e9ma\"},\"image\":{\"@id\":\"https:\\\/\\\/louisevaaucinema.ch\\\/#\\\/schema\\\/logo\\\/image\\\/\"},\"sameAs\":[\"https:\\\/\\\/www.facebook.com\\\/louisevaaucinema\",\"https:\\\/\\\/www.instagram.com\\\/louise_va_au_cinema\\\/\",\"https:\\\/\\\/www.youtube.com\\\/channel\\\/UCrhgn2pvV1uzduPdIYsTQ-A\"]}]}<\/script>\n<!-- \/ Yoast SEO plugin. -->","yoast_head_json":{"title":"Datenschutz - Louise va au cin\u00e9ma","robots":{"index":"index","follow":"follow","max-snippet":"max-snippet:-1","max-image-preview":"max-image-preview:large","max-video-preview":"max-video-preview:-1"},"canonical":"https:\/\/louisevaaucinema.ch\/de\/datenschutz\/","og_locale":"de_DE","og_type":"article","og_title":"Datenschutz - Louise va au cin\u00e9ma","og_description":"\u201eLouise geht ins Kino\u201c verarbeitet nur Daten, die zur Aus\u00fcbung der T\u00e4tigkeit des Unternehmens im Rahmen der Vorbereitung der Bestellung ben\u00f6tigt werden. Pers\u00f6nliche Daten werden vertraulich behandelt. Wir speichern die laufenden und bereits abgeschlossenen Bestellungen und alle diese Bestellungen betreffenden Daten, um unseren Kunden die besten Optionen bieten zu k\u00f6nnen.","og_url":"https:\/\/louisevaaucinema.ch\/de\/datenschutz\/","og_site_name":"Louise va au cin\u00e9ma","article_publisher":"https:\/\/www.facebook.com\/louisevaaucinema","article_modified_time":"2022-09-02T11:53:45+00:00","twitter_card":"summary_large_image","schema":{"@context":"https:\/\/schema.org","@graph":[{"@type":"WebPage","@id":"https:\/\/louisevaaucinema.ch\/de\/datenschutz\/","url":"https:\/\/louisevaaucinema.ch\/de\/datenschutz\/","name":"Datenschutz - Louise va au cin\u00e9ma","isPartOf":{"@id":"https:\/\/louisevaaucinema.ch\/#website"},"datePublished":"2022-09-02T11:53:00+00:00","dateModified":"2022-09-02T11:53:45+00:00","breadcrumb":{"@id":"https:\/\/louisevaaucinema.ch\/de\/datenschutz\/#breadcrumb"},"inLanguage":"de","potentialAction":[{"@type":"ReadAction","target":["https:\/\/louisevaaucinema.ch\/de\/datenschutz\/"]}]},{"@type":"BreadcrumbList","@id":"https:\/\/louisevaaucinema.ch\/de\/datenschutz\/#breadcrumb","itemListElement":[{"@type":"ListItem","position":1,"name":"Accueil","item":"https:\/\/louisevaaucinema.ch\/de\/"},{"@type":"ListItem","position":2,"name":"Datenschutz"}]},{"@type":"WebSite","@id":"https:\/\/louisevaaucinema.ch\/#website","url":"https:\/\/louisevaaucinema.ch\/","name":"Louise va au cin\u00e9ma","description":"","publisher":{"@id":"https:\/\/louisevaaucinema.ch\/#organization"},"potentialAction":[{"@type":"SearchAction","target":{"@type":"EntryPoint","urlTemplate":"https:\/\/louisevaaucinema.ch\/?s={search_term_string}"},"query-input":{"@type":"PropertyValueSpecification","valueRequired":true,"valueName":"search_term_string"}}],"inLanguage":"de"},{"@type":"Organization","@id":"https:\/\/louisevaaucinema.ch\/#organization","name":"Louise va au cin\u00e9ma","url":"https:\/\/louisevaaucinema.ch\/","logo":{"@type":"ImageObject","inLanguage":"de","@id":"https:\/\/louisevaaucinema.ch\/#\/schema\/logo\/image\/","url":"https:\/\/louisevaaucinema.ch\/wp-content\/uploads\/2022\/10\/louise_va_au_cinema.png","contentUrl":"https:\/\/louisevaaucinema.ch\/wp-content\/uploads\/2022\/10\/louise_va_au_cinema.png","width":200,"height":191,"caption":"Louise va au cin\u00e9ma"},"image":{"@id":"https:\/\/louisevaaucinema.ch\/#\/schema\/logo\/image\/"},"sameAs":["https:\/\/www.facebook.com\/louisevaaucinema","https:\/\/www.instagram.com\/louise_va_au_cinema\/","https:\/\/www.youtube.com\/channel\/UCrhgn2pvV1uzduPdIYsTQ-A"]}]}},"_links":{"self":[{"href":"https:\/\/louisevaaucinema.ch\/de\/wp-json\/wp\/v2\/pages\/552","targetHints":{"allow":["GET"]}}],"collection":[{"href":"https:\/\/louisevaaucinema.ch\/de\/wp-json\/wp\/v2\/pages"}],"about":[{"href":"https:\/\/louisevaaucinema.ch\/de\/wp-json\/wp\/v2\/types\/page"}],"author":[{"embeddable":true,"href":"https:\/\/louisevaaucinema.ch\/de\/wp-json\/wp\/v2\/users\/1"}],"replies":[{"embeddable":true,"href":"https:\/\/louisevaaucinema.ch\/de\/wp-json\/wp\/v2\/comments?post=552"}],"version-history":[{"count":0,"href":"https:\/\/louisevaaucinema.ch\/de\/wp-json\/wp\/v2\/pages\/552\/revisions"}],"wp:attachment":[{"href":"https:\/\/louisevaaucinema.ch\/de\/wp-json\/wp\/v2\/media?parent=552"}],"curies":[{"name":"wp","href":"https:\/\/api.w.org\/{rel}","templated":true}]}}