{"id":519,"date":"2022-08-29T16:19:54","date_gmt":"2022-08-29T14:19:54","guid":{"rendered":"https:\/\/comonaute.ch\/www\/vevey\/contact-us\/"},"modified":"2025-12-11T15:35:10","modified_gmt":"2025-12-11T14:35:10","slug":"kontakt","status":"publish","type":"page","link":"https:\/\/louisevaaucinema.ch\/de\/kontakt\/","title":{"rendered":"Kontakt"},"content":{"rendered":"<h1>Kontakt<\/h1>\n<h1>Louise va au cin\u00e9ma<\/h1>\n<div>\n<p>Rue de la Clerg\u00e8re 2<br \/>1800 Vevey<br \/>Tel. +41 (0)21 923 63 63<\/p>\n<p><strong>Allgemeine Adresse<\/strong><br \/>info@louisevaaucinema.ch<\/p>\n<p><strong>Rechnung<\/strong><br \/>admin@louisevaaucinema.ch<\/p>\n<p><em>Louise va au cin\u00e9ma<\/em>\u00a0ist der Vertriebsabteilung<br \/>von Louise Productions Vevey S\u00e0rl.<\/p>\n<\/div>\n<div>\n<p>46.4618,6.84377<\/p>\n<h3>Rue de la Clerg\u00e8re 2, Veveyt<\/h3>\n<\/div>\n<h1><span>ANSPRECHPARTNER<\/span><\/h1>\n<ul>\n<li>\n<p>        <img decoding=\"async\" src=\"\/wp-content\/uploads\/2022\/09\/team_heinz_dill.jpeg\" alt=\"\"><\/p>\n<h3>HEINZ DILL<\/h3>\n<div>\n<p>Akquise und Programmation<\/p>\n<\/div>\n<p><a href=\"mailto:heinz.dill@louiseproductions.ch\">KONTAKT<\/a><\/p>\n<\/li>\n<li>\n<p>        <img decoding=\"async\" src=\"\/wp-content\/uploads\/2022\/09\/team_agnes_baud_gerber.jpeg\" alt=\"\"><\/p>\n<h3>AGNES BAUD GERBER<\/h3>\n<div>\n<p>Buchhaltung<\/p>\n<\/div>\n<p><a href=\"mailto:admin.vevey@louiseproductions.ch\">KONTAKT<\/a><\/p>\n<\/li>\n<\/ul>\n<p><!--more--><br \/>\n<!-- {\"name\":\"contact (DE)\",\"type\":\"layout\",\"children\":[{\"type\":\"section\",\"props\":{\"image_position\":\"center-center\",\"style\":\"muted\",\"title_breakpoint\":\"xl\",\"title_position\":\"top-left\",\"title_rotation\":\"left\",\"vertical_align\":\"\",\"width\":\"large\"},\"children\":[{\"type\":\"row\",\"children\":[{\"type\":\"column\",\"props\":{\"image_position\":\"center-center\",\"position_sticky_breakpoint\":\"m\",\"width_medium\":\"1-1\"},\"children\":[{\"type\":\"headline\",\"props\":{\"content\":\"Kontakt\",\"text_align\":\"center\",\"title_element\":\"h1\",\"title_style\":\"heading-small\"}}]}]}]},{\"type\":\"section\",\"props\":{\"image_position\":\"center-center\",\"padding\":\"small\",\"style\":\"default\",\"title_breakpoint\":\"xl\",\"title_position\":\"top-left\",\"title_rotation\":\"left\",\"vertical_align\":\"\",\"width\":\"large\"},\"children\":[{\"type\":\"row\",\"props\":{\"layout\":\"1-2,1-2\"},\"children\":[{\"type\":\"column\",\"props\":{\"image_position\":\"center-center\",\"position_sticky_breakpoint\":\"m\",\"width_medium\":\"1-2\"},\"children\":[{\"type\":\"headline\",\"props\":{\"block_align\":\"center\",\"content\":\"Louise va au cin\\u00e9ma\",\"maxwidth\":\"large\",\"text_align\":\"left\",\"text_align_breakpoint\":\"m\",\"text_align_fallback\":\"center\",\"title_element\":\"h1\",\"title_style\":\"h2\"}},{\"type\":\"text\",\"props\":{\"block_align\":\"center\",\"column_breakpoint\":\"m\",\"content\":\"\n\n<p>Rue de la Clerg\\u00e8re 2<br \\\/>1800 Vevey<br \\\/>Tel. +41 (0)21 923 63 63<\\\/p>\\n\n\n<p><strong>Allgemeine Adresse<\\\/strong><br \\\/>info@louisevaaucinema.ch<\\\/p>\\n\n\n<p><strong>Rechnung<\\\/strong><br \\\/>admin@louisevaaucinema.ch<\\\/p>\\n\n\n<p><em>Louise va au cin\\u00e9ma<\\\/em>\\u00a0ist der Vertriebsabteilung<br \\\/>von Louise Productions Vevey S\\u00e0rl.<\\\/p>\",\"margin\":\"medium\",\"margin_remove_top\":true,\"maxwidth\":\"large\",\"text_align\":\"left\",\"text_align_breakpoint\":\"m\",\"text_align_fallback\":\"center\"}}]},{\"type\":\"column\",\"props\":{\"image_position\":\"center-center\",\"position_sticky_breakpoint\":\"m\",\"width_medium\":\"1-2\"},\"children\":[{\"type\":\"map\",\"props\":{\"controls\":true,\"dragging\":false,\"height\":\"600px\",\"image_svg_color\":\"emphasis\",\"link_style\":\"default\",\"link_text\":\"Read more\",\"margin\":\"\",\"max_zoom\":18,\"meta_align\":\"below-title\",\"meta_element\":\"div\",\"meta_style\":\"text-meta\",\"min_zoom\":0,\"poi\":false,\"show_content\":true,\"show_image\":true,\"show_link\":true,\"show_meta\":true,\"show_title\":true,\"styler_saturation\":\"-100\",\"title_element\":\"h3\",\"title_hover_style\":\"reset\",\"type\":\"roadmap\",\"width\":\"600px\",\"zoom\":\"13\",\"zooming\":false},\"children\":[{\"type\":\"map_item\",\"props\":{\"location\":\"46.4618,6.84377\",\"title\":\"Rue de la Clerg\\u00e8re 2, Veveyt\"}}]}]}]}]},{\"type\":\"section\",\"props\":{\"image_position\":\"center-center\",\"style\":\"default\",\"title_breakpoint\":\"xl\",\"title_position\":\"top-left\",\"title_rotation\":\"left\",\"vertical_align\":\"\",\"width\":\"large\"},\"children\":[{\"type\":\"row\",\"children\":[{\"type\":\"column\",\"props\":{\"image_position\":\"center-center\",\"position_sticky_breakpoint\":\"m\",\"width_medium\":\"1-1\"},\"children\":[{\"type\":\"headline\",\"props\":{\"block_align\":\"center\",\"content\":\"<span>ANSPRECHPARTNER<\\\/span>\",\"margin\":\"large\",\"maxwidth\":\"large\",\"text_align\":\"left\",\"text_align_breakpoint\":\"m\",\"text_align_fallback\":\"center\",\"title_element\":\"h1\",\"title_style\":\"h2\"}}]}]},{\"type\":\"row\",\"children\":[{\"type\":\"column\",\"props\":{\"image_position\":\"center-center\",\"position_sticky_breakpoint\":\"m\",\"width_medium\":\"1-1\"},\"children\":[{\"type\":\"grid\",\"props\":{\"content_column_breakpoint\":\"m\",\"filter_align\":\"left\",\"filter_all\":true,\"filter_grid_breakpoint\":\"m\",\"filter_grid_width\":\"auto\",\"filter_position\":\"top\",\"filter_style\":\"tab\",\"grid_column_align\":true,\"grid_default\":\"1\",\"grid_medium\":\"3\",\"icon_width\":80,\"image_align\":\"top\",\"image_grid_breakpoint\":\"m\",\"image_grid_width\":\"1-2\",\"image_svg_color\":\"emphasis\",\"item_animation\":true,\"lightbox_bg_close\":true,\"link_style\":\"default\",\"link_text\":\"Read more\",\"margin\":\"default\",\"meta_align\":\"below-title\",\"meta_element\":\"div\",\"meta_style\":\"text-meta\",\"panel_padding\":\"small\",\"panel_style\":\"card-default\",\"parallax_easing\":\"1\",\"show_content\":true,\"show_hover_image\":true,\"show_hover_video\":true,\"show_image\":true,\"show_link\":true,\"show_meta\":true,\"show_title\":true,\"show_video\":true,\"text_align\":\"center\",\"title_align\":\"top\",\"title_element\":\"h3\",\"title_grid_breakpoint\":\"m\",\"title_grid_width\":\"1-2\",\"title_hover_style\":\"reset\"},\"children\":[{\"type\":\"grid_item\",\"props\":{\"content\":\"\n\n<p>Akquise und Programmation<\\\/p>\",\"image\":\"wp-content\\\/uploads\\\/2022\\\/09\\\/team_heinz_dill.jpeg\",\"link\":\"mailto:heinz.dill@louiseproductions.ch\",\"link_text\":\"KONTAKT\",\"title\":\"HEINZ DILL\"}},{\"type\":\"grid_item\",\"props\":{\"content\":\"\n\n<p>Buchhaltung<\\\/p>\",\"image\":\"wp-content\\\/uploads\\\/2022\\\/09\\\/team_agnes_baud_gerber.jpeg\",\"link\":\"mailto:admin.vevey@louiseproductions.ch\",\"link_text\":\"KONTAKT\",\"title\":\"AGNES BAUD GERBER\"}}]}]}]}]}],\"version\":\"4.5.31\"} --><\/p>\n","protected":false},"excerpt":{"rendered":"<p>Kontakt Louise va au cin\u00e9ma Rue de la Clerg\u00e8re 21800 VeveyTel. +41 (0)21 923 63 63 Allgemeine Adresseinfo@louisevaaucinema.ch Rechnungadmin@louisevaaucinema.ch Louise va au cin\u00e9ma\u00a0ist der Vertriebsabteilungvon Louise Productions Vevey S\u00e0rl. 46.4618,6.84377 Rue de la Clerg\u00e8re 2, Veveyt ANSPRECHPARTNER HEINZ DILL Akquise und Programmation KONTAKT AGNES BAUD GERBER Buchhaltung KONTAKT<\/p>\n","protected":false},"author":1,"featured_media":0,"parent":0,"menu_order":0,"comment_status":"closed","ping_status":"closed","template":"","meta":{"_acf_changed":false,"footnotes":""},"class_list":["post-519","page","type-page","status-publish","hentry"],"acf":[],"yoast_head":"<!-- This site is optimized with the Yoast SEO plugin v27.4 - https:\/\/yoast.com\/product\/yoast-seo-wordpress\/ -->\n<title>Kontakt - Louise va au cin\u00e9ma<\/title>\n<meta name=\"robots\" content=\"index, follow, max-snippet:-1, max-image-preview:large, max-video-preview:-1\" \/>\n<link rel=\"canonical\" href=\"https:\/\/louisevaaucinema.ch\/de\/kontakt\/\" \/>\n<meta property=\"og:locale\" content=\"de_DE\" \/>\n<meta property=\"og:type\" content=\"article\" \/>\n<meta property=\"og:title\" content=\"Kontakt - Louise va au cin\u00e9ma\" \/>\n<meta property=\"og:description\" content=\"Kontakt Louise va au cin\u00e9ma Rue de la Clerg\u00e8re 21800 VeveyTel. +41 (0)21 923 63 63 Allgemeine Adresseinfo@louisevaaucinema.ch Rechnungadmin@louisevaaucinema.ch Louise va au cin\u00e9ma\u00a0ist der Vertriebsabteilungvon Louise Productions Vevey S\u00e0rl. 46.4618,6.84377 Rue de la Clerg\u00e8re 2, Veveyt ANSPRECHPARTNER HEINZ DILL Akquise und Programmation KONTAKT AGNES BAUD GERBER Buchhaltung KONTAKT\" \/>\n<meta property=\"og:url\" content=\"https:\/\/louisevaaucinema.ch\/de\/kontakt\/\" \/>\n<meta property=\"og:site_name\" content=\"Louise va au cin\u00e9ma\" \/>\n<meta property=\"article:publisher\" content=\"https:\/\/www.facebook.com\/louisevaaucinema\" \/>\n<meta property=\"article:modified_time\" content=\"2025-12-11T14:35:10+00:00\" \/>\n<meta name=\"twitter:card\" content=\"summary_large_image\" \/>\n<script type=\"application\/ld+json\" class=\"yoast-schema-graph\">{\"@context\":\"https:\\\/\\\/schema.org\",\"@graph\":[{\"@type\":\"WebPage\",\"@id\":\"https:\\\/\\\/louisevaaucinema.ch\\\/de\\\/kontakt\\\/\",\"url\":\"https:\\\/\\\/louisevaaucinema.ch\\\/de\\\/kontakt\\\/\",\"name\":\"Kontakt - Louise va au cin\u00e9ma\",\"isPartOf\":{\"@id\":\"https:\\\/\\\/louisevaaucinema.ch\\\/#website\"},\"datePublished\":\"2022-08-29T14:19:54+00:00\",\"dateModified\":\"2025-12-11T14:35:10+00:00\",\"breadcrumb\":{\"@id\":\"https:\\\/\\\/louisevaaucinema.ch\\\/de\\\/kontakt\\\/#breadcrumb\"},\"inLanguage\":\"de\",\"potentialAction\":[{\"@type\":\"ReadAction\",\"target\":[\"https:\\\/\\\/louisevaaucinema.ch\\\/de\\\/kontakt\\\/\"]}]},{\"@type\":\"BreadcrumbList\",\"@id\":\"https:\\\/\\\/louisevaaucinema.ch\\\/de\\\/kontakt\\\/#breadcrumb\",\"itemListElement\":[{\"@type\":\"ListItem\",\"position\":1,\"name\":\"Accueil\",\"item\":\"https:\\\/\\\/louisevaaucinema.ch\\\/de\\\/\"},{\"@type\":\"ListItem\",\"position\":2,\"name\":\"Kontakt\"}]},{\"@type\":\"WebSite\",\"@id\":\"https:\\\/\\\/louisevaaucinema.ch\\\/#website\",\"url\":\"https:\\\/\\\/louisevaaucinema.ch\\\/\",\"name\":\"Louise va au cin\u00e9ma\",\"description\":\"\",\"publisher\":{\"@id\":\"https:\\\/\\\/louisevaaucinema.ch\\\/#organization\"},\"potentialAction\":[{\"@type\":\"SearchAction\",\"target\":{\"@type\":\"EntryPoint\",\"urlTemplate\":\"https:\\\/\\\/louisevaaucinema.ch\\\/?s={search_term_string}\"},\"query-input\":{\"@type\":\"PropertyValueSpecification\",\"valueRequired\":true,\"valueName\":\"search_term_string\"}}],\"inLanguage\":\"de\"},{\"@type\":\"Organization\",\"@id\":\"https:\\\/\\\/louisevaaucinema.ch\\\/#organization\",\"name\":\"Louise va au cin\u00e9ma\",\"url\":\"https:\\\/\\\/louisevaaucinema.ch\\\/\",\"logo\":{\"@type\":\"ImageObject\",\"inLanguage\":\"de\",\"@id\":\"https:\\\/\\\/louisevaaucinema.ch\\\/#\\\/schema\\\/logo\\\/image\\\/\",\"url\":\"https:\\\/\\\/louisevaaucinema.ch\\\/wp-content\\\/uploads\\\/2022\\\/10\\\/louise_va_au_cinema.png\",\"contentUrl\":\"https:\\\/\\\/louisevaaucinema.ch\\\/wp-content\\\/uploads\\\/2022\\\/10\\\/louise_va_au_cinema.png\",\"width\":200,\"height\":191,\"caption\":\"Louise va au cin\u00e9ma\"},\"image\":{\"@id\":\"https:\\\/\\\/louisevaaucinema.ch\\\/#\\\/schema\\\/logo\\\/image\\\/\"},\"sameAs\":[\"https:\\\/\\\/www.facebook.com\\\/louisevaaucinema\",\"https:\\\/\\\/www.instagram.com\\\/louise_va_au_cinema\\\/\",\"https:\\\/\\\/www.youtube.com\\\/channel\\\/UCrhgn2pvV1uzduPdIYsTQ-A\"]}]}<\/script>\n<!-- \/ Yoast SEO plugin. -->","yoast_head_json":{"title":"Kontakt - Louise va au cin\u00e9ma","robots":{"index":"index","follow":"follow","max-snippet":"max-snippet:-1","max-image-preview":"max-image-preview:large","max-video-preview":"max-video-preview:-1"},"canonical":"https:\/\/louisevaaucinema.ch\/de\/kontakt\/","og_locale":"de_DE","og_type":"article","og_title":"Kontakt - Louise va au cin\u00e9ma","og_description":"Kontakt Louise va au cin\u00e9ma Rue de la Clerg\u00e8re 21800 VeveyTel. +41 (0)21 923 63 63 Allgemeine Adresseinfo@louisevaaucinema.ch Rechnungadmin@louisevaaucinema.ch Louise va au cin\u00e9ma\u00a0ist der Vertriebsabteilungvon Louise Productions Vevey S\u00e0rl. 46.4618,6.84377 Rue de la Clerg\u00e8re 2, Veveyt ANSPRECHPARTNER HEINZ DILL Akquise und Programmation KONTAKT AGNES BAUD GERBER Buchhaltung KONTAKT","og_url":"https:\/\/louisevaaucinema.ch\/de\/kontakt\/","og_site_name":"Louise va au cin\u00e9ma","article_publisher":"https:\/\/www.facebook.com\/louisevaaucinema","article_modified_time":"2025-12-11T14:35:10+00:00","twitter_card":"summary_large_image","schema":{"@context":"https:\/\/schema.org","@graph":[{"@type":"WebPage","@id":"https:\/\/louisevaaucinema.ch\/de\/kontakt\/","url":"https:\/\/louisevaaucinema.ch\/de\/kontakt\/","name":"Kontakt - Louise va au cin\u00e9ma","isPartOf":{"@id":"https:\/\/louisevaaucinema.ch\/#website"},"datePublished":"2022-08-29T14:19:54+00:00","dateModified":"2025-12-11T14:35:10+00:00","breadcrumb":{"@id":"https:\/\/louisevaaucinema.ch\/de\/kontakt\/#breadcrumb"},"inLanguage":"de","potentialAction":[{"@type":"ReadAction","target":["https:\/\/louisevaaucinema.ch\/de\/kontakt\/"]}]},{"@type":"BreadcrumbList","@id":"https:\/\/louisevaaucinema.ch\/de\/kontakt\/#breadcrumb","itemListElement":[{"@type":"ListItem","position":1,"name":"Accueil","item":"https:\/\/louisevaaucinema.ch\/de\/"},{"@type":"ListItem","position":2,"name":"Kontakt"}]},{"@type":"WebSite","@id":"https:\/\/louisevaaucinema.ch\/#website","url":"https:\/\/louisevaaucinema.ch\/","name":"Louise va au cin\u00e9ma","description":"","publisher":{"@id":"https:\/\/louisevaaucinema.ch\/#organization"},"potentialAction":[{"@type":"SearchAction","target":{"@type":"EntryPoint","urlTemplate":"https:\/\/louisevaaucinema.ch\/?s={search_term_string}"},"query-input":{"@type":"PropertyValueSpecification","valueRequired":true,"valueName":"search_term_string"}}],"inLanguage":"de"},{"@type":"Organization","@id":"https:\/\/louisevaaucinema.ch\/#organization","name":"Louise va au cin\u00e9ma","url":"https:\/\/louisevaaucinema.ch\/","logo":{"@type":"ImageObject","inLanguage":"de","@id":"https:\/\/louisevaaucinema.ch\/#\/schema\/logo\/image\/","url":"https:\/\/louisevaaucinema.ch\/wp-content\/uploads\/2022\/10\/louise_va_au_cinema.png","contentUrl":"https:\/\/louisevaaucinema.ch\/wp-content\/uploads\/2022\/10\/louise_va_au_cinema.png","width":200,"height":191,"caption":"Louise va au cin\u00e9ma"},"image":{"@id":"https:\/\/louisevaaucinema.ch\/#\/schema\/logo\/image\/"},"sameAs":["https:\/\/www.facebook.com\/louisevaaucinema","https:\/\/www.instagram.com\/louise_va_au_cinema\/","https:\/\/www.youtube.com\/channel\/UCrhgn2pvV1uzduPdIYsTQ-A"]}]}},"_links":{"self":[{"href":"https:\/\/louisevaaucinema.ch\/de\/wp-json\/wp\/v2\/pages\/519","targetHints":{"allow":["GET"]}}],"collection":[{"href":"https:\/\/louisevaaucinema.ch\/de\/wp-json\/wp\/v2\/pages"}],"about":[{"href":"https:\/\/louisevaaucinema.ch\/de\/wp-json\/wp\/v2\/types\/page"}],"author":[{"embeddable":true,"href":"https:\/\/louisevaaucinema.ch\/de\/wp-json\/wp\/v2\/users\/1"}],"replies":[{"embeddable":true,"href":"https:\/\/louisevaaucinema.ch\/de\/wp-json\/wp\/v2\/comments?post=519"}],"version-history":[{"count":4,"href":"https:\/\/louisevaaucinema.ch\/de\/wp-json\/wp\/v2\/pages\/519\/revisions"}],"predecessor-version":[{"id":4942,"href":"https:\/\/louisevaaucinema.ch\/de\/wp-json\/wp\/v2\/pages\/519\/revisions\/4942"}],"wp:attachment":[{"href":"https:\/\/louisevaaucinema.ch\/de\/wp-json\/wp\/v2\/media?parent=519"}],"curies":[{"name":"wp","href":"https:\/\/api.w.org\/{rel}","templated":true}]}}