{"id":512,"date":"2022-09-02T13:46:47","date_gmt":"2022-09-02T11:46:47","guid":{"rendered":"https:\/\/comonaute.ch\/www\/vevey\/conditions-generales-de-vente\/"},"modified":"2022-09-30T17:01:11","modified_gmt":"2022-09-30T15:01:11","slug":"allgemeine-geschaeftsbedingungen","status":"publish","type":"page","link":"https:\/\/louisevaaucinema.ch\/de\/allgemeine-geschaeftsbedingungen\/","title":{"rendered":"Allgemeine Gesch\u00e4ftsbedingungen"},"content":{"rendered":"<h2>Lieferbedingungen<\/h2>\n<p>Die Bestellungen und Lieferungen werden schnellstm\u00f6glich bearbeitet. Der Kunde wird per E-Mail \u00fcber die Nachverfolgung der Bestellung unterrichtet. Eine eventuelle Lieferverz\u00f6gerung gibt kein Anrecht auf eine Erm\u00e4ssigung des Verkaufspreises.<\/p>\n<h2>Preis<\/h2>\n<p>Die Versandkosten entsprechen den Tarifen der Schweizer Post und k\u00f6nnen unter Umst\u00e4nden gem\u00e4ss den Preiserh\u00f6hungen der Post angepasst werden. Die angegebenen Preise beinhalten die Mehrwertsteuer.<\/p>\n<h2>Zahlungsmodalit\u00e4ten<\/h2>\n<p>Bezahlung per Kreditkarte oder Bank\u00fcberweisung bei der Bestellung. Bei Bestellung per Rechnung betr\u00e4gt die Bezahlungsfrist 10 Tage. Bei Zahlungsverzug berechnen wir eine zus\u00e4tzliche Geb\u00fchr von 5% des Rechnungsbetrags.<\/p>\n<h2>R\u00fccksendung\/Umtausch<\/h2>\n<p>Es werden nur Artikel umgetauscht, die Herstellungsm\u00e4ngel oder durch den Transport verursachte M\u00e4ngel vorweisen. Sie m\u00fcssen uns in einem Zeitraum von h\u00f6chstens 72 Stunden gemeldet werden, da sonst der Anspruch auf kostenlosen Ersatz erlischt.<\/p>\n<h2>Annahmeverweigerung<\/h2>\n<p>Kosten, die durch eine ungerechtfertigte Annahmeverweigerung unserer gelieferten Waren verursacht wurden, werden von uns in Rechnung gestellt.<\/p>\n<h2>Datenschutz<\/h2>\n<p>\u201eLouise geht ins Kino\u201c verarbeitet nur Daten, die zur Aus\u00fcbung der T\u00e4tigkeit des Unternehmens im Rahmen der Vorbereitung der Bestellung ben\u00f6tigt werden. Pers\u00f6nliche Daten werden vertraulich behandelt.<br \/>\nWir speichern die laufenden und bereits abgeschlossenen Bestellungen und alle diese Bestellungen betreffenden Daten, um unseren Kunden die besten Optionen bieten zu k\u00f6nnen.<\/p>\n<h2>Garantie\/Haftung<\/h2>\n<p>Die Haftung, welche die gelieferten Waren betrifft, beschr\u00e4nkt sich auf die Lieferung einer Ersatzware. Anspr\u00fcche auf eine R\u00fcckg\u00e4ngigmachung des Vertrages oder eine Herabsetzung der Verg\u00fctung sind ausgeschlossen, sofern eine Ersatzlieferung in angemessener Frist m\u00f6glich ist.<br \/>\nBei evt. durch den Kopierschutz auftretenden materiellen Sch\u00e4den \u00fcbernehmen wir keine Haftung.<\/p>\n<h2>Gerichtsstand<\/h2>\n<p>Gerichtsstand ist Vevey. Es ist ausschliesslich schweizerisches Recht anwendbar.<\/p>\n","protected":false},"excerpt":{"rendered":"<p>Lieferbedingungen Die Bestellungen und Lieferungen werden schnellstm\u00f6glich bearbeitet. Der Kunde wird per E-Mail \u00fcber die Nachverfolgung der Bestellung unterrichtet. Eine eventuelle Lieferverz\u00f6gerung gibt kein Anrecht auf eine Erm\u00e4ssigung des Verkaufspreises. Preis Die Versandkosten entsprechen den Tarifen der Schweizer Post und k\u00f6nnen unter Umst\u00e4nden gem\u00e4ss den Preiserh\u00f6hungen der Post angepasst werden. Die angegebenen Preise beinhalten die [&hellip;]<\/p>\n","protected":false},"author":1,"featured_media":0,"parent":0,"menu_order":0,"comment_status":"closed","ping_status":"closed","template":"","meta":{"_acf_changed":false,"footnotes":""},"class_list":["post-512","page","type-page","status-publish","hentry"],"acf":[],"yoast_head":"<!-- This site is optimized with the Yoast SEO plugin v27.3 - https:\/\/yoast.com\/product\/yoast-seo-wordpress\/ -->\n<title>Allgemeine Gesch\u00e4ftsbedingungen - Louise va au cin\u00e9ma<\/title>\n<meta name=\"robots\" content=\"index, follow, max-snippet:-1, max-image-preview:large, max-video-preview:-1\" \/>\n<link rel=\"canonical\" href=\"https:\/\/louisevaaucinema.ch\/de\/allgemeine-geschaeftsbedingungen\/\" \/>\n<meta property=\"og:locale\" content=\"de_DE\" \/>\n<meta property=\"og:type\" content=\"article\" \/>\n<meta property=\"og:title\" content=\"Allgemeine Gesch\u00e4ftsbedingungen - Louise va au cin\u00e9ma\" \/>\n<meta property=\"og:description\" content=\"Lieferbedingungen Die Bestellungen und Lieferungen werden schnellstm\u00f6glich bearbeitet. Der Kunde wird per E-Mail \u00fcber die Nachverfolgung der Bestellung unterrichtet. Eine eventuelle Lieferverz\u00f6gerung gibt kein Anrecht auf eine Erm\u00e4ssigung des Verkaufspreises. Preis Die Versandkosten entsprechen den Tarifen der Schweizer Post und k\u00f6nnen unter Umst\u00e4nden gem\u00e4ss den Preiserh\u00f6hungen der Post angepasst werden. Die angegebenen Preise beinhalten die [&hellip;]\" \/>\n<meta property=\"og:url\" content=\"https:\/\/louisevaaucinema.ch\/de\/allgemeine-geschaeftsbedingungen\/\" \/>\n<meta property=\"og:site_name\" content=\"Louise va au cin\u00e9ma\" \/>\n<meta property=\"article:publisher\" content=\"https:\/\/www.facebook.com\/louisevaaucinema\" \/>\n<meta property=\"article:modified_time\" content=\"2022-09-30T15:01:11+00:00\" \/>\n<meta name=\"twitter:card\" content=\"summary_large_image\" \/>\n<meta name=\"twitter:label1\" content=\"Gesch\u00e4tzte Lesezeit\" \/>\n\t<meta name=\"twitter:data1\" content=\"1\u00a0Minute\" \/>\n<script type=\"application\/ld+json\" class=\"yoast-schema-graph\">{\"@context\":\"https:\\\/\\\/schema.org\",\"@graph\":[{\"@type\":\"WebPage\",\"@id\":\"https:\\\/\\\/louisevaaucinema.ch\\\/de\\\/allgemeine-geschaeftsbedingungen\\\/\",\"url\":\"https:\\\/\\\/louisevaaucinema.ch\\\/de\\\/allgemeine-geschaeftsbedingungen\\\/\",\"name\":\"Allgemeine Gesch\u00e4ftsbedingungen - Louise va au cin\u00e9ma\",\"isPartOf\":{\"@id\":\"https:\\\/\\\/louisevaaucinema.ch\\\/#website\"},\"datePublished\":\"2022-09-02T11:46:47+00:00\",\"dateModified\":\"2022-09-30T15:01:11+00:00\",\"breadcrumb\":{\"@id\":\"https:\\\/\\\/louisevaaucinema.ch\\\/de\\\/allgemeine-geschaeftsbedingungen\\\/#breadcrumb\"},\"inLanguage\":\"de\",\"potentialAction\":[{\"@type\":\"ReadAction\",\"target\":[\"https:\\\/\\\/louisevaaucinema.ch\\\/de\\\/allgemeine-geschaeftsbedingungen\\\/\"]}]},{\"@type\":\"BreadcrumbList\",\"@id\":\"https:\\\/\\\/louisevaaucinema.ch\\\/de\\\/allgemeine-geschaeftsbedingungen\\\/#breadcrumb\",\"itemListElement\":[{\"@type\":\"ListItem\",\"position\":1,\"name\":\"Accueil\",\"item\":\"https:\\\/\\\/louisevaaucinema.ch\\\/de\\\/\"},{\"@type\":\"ListItem\",\"position\":2,\"name\":\"Allgemeine Gesch\u00e4ftsbedingungen\"}]},{\"@type\":\"WebSite\",\"@id\":\"https:\\\/\\\/louisevaaucinema.ch\\\/#website\",\"url\":\"https:\\\/\\\/louisevaaucinema.ch\\\/\",\"name\":\"Louise va au cin\u00e9ma\",\"description\":\"\",\"publisher\":{\"@id\":\"https:\\\/\\\/louisevaaucinema.ch\\\/#organization\"},\"potentialAction\":[{\"@type\":\"SearchAction\",\"target\":{\"@type\":\"EntryPoint\",\"urlTemplate\":\"https:\\\/\\\/louisevaaucinema.ch\\\/?s={search_term_string}\"},\"query-input\":{\"@type\":\"PropertyValueSpecification\",\"valueRequired\":true,\"valueName\":\"search_term_string\"}}],\"inLanguage\":\"de\"},{\"@type\":\"Organization\",\"@id\":\"https:\\\/\\\/louisevaaucinema.ch\\\/#organization\",\"name\":\"Louise va au cin\u00e9ma\",\"url\":\"https:\\\/\\\/louisevaaucinema.ch\\\/\",\"logo\":{\"@type\":\"ImageObject\",\"inLanguage\":\"de\",\"@id\":\"https:\\\/\\\/louisevaaucinema.ch\\\/#\\\/schema\\\/logo\\\/image\\\/\",\"url\":\"https:\\\/\\\/louisevaaucinema.ch\\\/wp-content\\\/uploads\\\/2022\\\/10\\\/louise_va_au_cinema.png\",\"contentUrl\":\"https:\\\/\\\/louisevaaucinema.ch\\\/wp-content\\\/uploads\\\/2022\\\/10\\\/louise_va_au_cinema.png\",\"width\":200,\"height\":191,\"caption\":\"Louise va au cin\u00e9ma\"},\"image\":{\"@id\":\"https:\\\/\\\/louisevaaucinema.ch\\\/#\\\/schema\\\/logo\\\/image\\\/\"},\"sameAs\":[\"https:\\\/\\\/www.facebook.com\\\/louisevaaucinema\",\"https:\\\/\\\/www.instagram.com\\\/louise_va_au_cinema\\\/\",\"https:\\\/\\\/www.youtube.com\\\/channel\\\/UCrhgn2pvV1uzduPdIYsTQ-A\"]}]}<\/script>\n<!-- \/ Yoast SEO plugin. -->","yoast_head_json":{"title":"Allgemeine Gesch\u00e4ftsbedingungen - Louise va au cin\u00e9ma","robots":{"index":"index","follow":"follow","max-snippet":"max-snippet:-1","max-image-preview":"max-image-preview:large","max-video-preview":"max-video-preview:-1"},"canonical":"https:\/\/louisevaaucinema.ch\/de\/allgemeine-geschaeftsbedingungen\/","og_locale":"de_DE","og_type":"article","og_title":"Allgemeine Gesch\u00e4ftsbedingungen - Louise va au cin\u00e9ma","og_description":"Lieferbedingungen Die Bestellungen und Lieferungen werden schnellstm\u00f6glich bearbeitet. Der Kunde wird per E-Mail \u00fcber die Nachverfolgung der Bestellung unterrichtet. Eine eventuelle Lieferverz\u00f6gerung gibt kein Anrecht auf eine Erm\u00e4ssigung des Verkaufspreises. Preis Die Versandkosten entsprechen den Tarifen der Schweizer Post und k\u00f6nnen unter Umst\u00e4nden gem\u00e4ss den Preiserh\u00f6hungen der Post angepasst werden. Die angegebenen Preise beinhalten die [&hellip;]","og_url":"https:\/\/louisevaaucinema.ch\/de\/allgemeine-geschaeftsbedingungen\/","og_site_name":"Louise va au cin\u00e9ma","article_publisher":"https:\/\/www.facebook.com\/louisevaaucinema","article_modified_time":"2022-09-30T15:01:11+00:00","twitter_card":"summary_large_image","twitter_misc":{"Gesch\u00e4tzte Lesezeit":"1\u00a0Minute"},"schema":{"@context":"https:\/\/schema.org","@graph":[{"@type":"WebPage","@id":"https:\/\/louisevaaucinema.ch\/de\/allgemeine-geschaeftsbedingungen\/","url":"https:\/\/louisevaaucinema.ch\/de\/allgemeine-geschaeftsbedingungen\/","name":"Allgemeine Gesch\u00e4ftsbedingungen - Louise va au cin\u00e9ma","isPartOf":{"@id":"https:\/\/louisevaaucinema.ch\/#website"},"datePublished":"2022-09-02T11:46:47+00:00","dateModified":"2022-09-30T15:01:11+00:00","breadcrumb":{"@id":"https:\/\/louisevaaucinema.ch\/de\/allgemeine-geschaeftsbedingungen\/#breadcrumb"},"inLanguage":"de","potentialAction":[{"@type":"ReadAction","target":["https:\/\/louisevaaucinema.ch\/de\/allgemeine-geschaeftsbedingungen\/"]}]},{"@type":"BreadcrumbList","@id":"https:\/\/louisevaaucinema.ch\/de\/allgemeine-geschaeftsbedingungen\/#breadcrumb","itemListElement":[{"@type":"ListItem","position":1,"name":"Accueil","item":"https:\/\/louisevaaucinema.ch\/de\/"},{"@type":"ListItem","position":2,"name":"Allgemeine Gesch\u00e4ftsbedingungen"}]},{"@type":"WebSite","@id":"https:\/\/louisevaaucinema.ch\/#website","url":"https:\/\/louisevaaucinema.ch\/","name":"Louise va au cin\u00e9ma","description":"","publisher":{"@id":"https:\/\/louisevaaucinema.ch\/#organization"},"potentialAction":[{"@type":"SearchAction","target":{"@type":"EntryPoint","urlTemplate":"https:\/\/louisevaaucinema.ch\/?s={search_term_string}"},"query-input":{"@type":"PropertyValueSpecification","valueRequired":true,"valueName":"search_term_string"}}],"inLanguage":"de"},{"@type":"Organization","@id":"https:\/\/louisevaaucinema.ch\/#organization","name":"Louise va au cin\u00e9ma","url":"https:\/\/louisevaaucinema.ch\/","logo":{"@type":"ImageObject","inLanguage":"de","@id":"https:\/\/louisevaaucinema.ch\/#\/schema\/logo\/image\/","url":"https:\/\/louisevaaucinema.ch\/wp-content\/uploads\/2022\/10\/louise_va_au_cinema.png","contentUrl":"https:\/\/louisevaaucinema.ch\/wp-content\/uploads\/2022\/10\/louise_va_au_cinema.png","width":200,"height":191,"caption":"Louise va au cin\u00e9ma"},"image":{"@id":"https:\/\/louisevaaucinema.ch\/#\/schema\/logo\/image\/"},"sameAs":["https:\/\/www.facebook.com\/louisevaaucinema","https:\/\/www.instagram.com\/louise_va_au_cinema\/","https:\/\/www.youtube.com\/channel\/UCrhgn2pvV1uzduPdIYsTQ-A"]}]}},"_links":{"self":[{"href":"https:\/\/louisevaaucinema.ch\/de\/wp-json\/wp\/v2\/pages\/512","targetHints":{"allow":["GET"]}}],"collection":[{"href":"https:\/\/louisevaaucinema.ch\/de\/wp-json\/wp\/v2\/pages"}],"about":[{"href":"https:\/\/louisevaaucinema.ch\/de\/wp-json\/wp\/v2\/types\/page"}],"author":[{"embeddable":true,"href":"https:\/\/louisevaaucinema.ch\/de\/wp-json\/wp\/v2\/users\/1"}],"replies":[{"embeddable":true,"href":"https:\/\/louisevaaucinema.ch\/de\/wp-json\/wp\/v2\/comments?post=512"}],"version-history":[{"count":0,"href":"https:\/\/louisevaaucinema.ch\/de\/wp-json\/wp\/v2\/pages\/512\/revisions"}],"wp:attachment":[{"href":"https:\/\/louisevaaucinema.ch\/de\/wp-json\/wp\/v2\/media?parent=512"}],"curies":[{"name":"wp","href":"https:\/\/api.w.org\/{rel}","templated":true}]}}